{"id":1071,"date":"2021-04-05T11:03:12","date_gmt":"2021-04-05T14:03:12","guid":{"rendered":"http:\/\/ppgq-uff.com.br\/?page_id=1071"},"modified":"2024-10-30T18:24:29","modified_gmt":"2024-10-30T21:24:29","slug":"formularios","status":"publish","type":"page","link":"https:\/\/ppgq-uff.com.br\/en\/formularios\/","title":{"rendered":"Formul\u00e1rios"},"content":{"rendered":"<h1>Forms<br \/>\n<\/h1>\n<h3>Homologa\u00e7\u00f5es<\/h3>\n<p>\t\t\t<a href=\"https:\/\/docs.google.com\/forms\/d\/e\/1FAIpQLSfmAuvwCEFtwBylT9ocL99_BIqH2zv5ne1KnjPD6FTW8RUkuQ\/viewform\" role=\"button\"><br \/>\n\t\t\t\t\t\tBanca de Semin\u00e1rio<br \/>\n\t\t\t\t\t<\/a><br \/>\n\t\t\t<a href=\"https:\/\/docs.google.com\/forms\/d\/e\/1FAIpQLSdawFruleCBy_0MCBr2Bzq_LYxw7YUvji6hUaleQc8h_l4Phw\/viewform\" role=\"button\"><br \/>\n\t\t\t\t\t\tBanca de Qualifica\u00e7\u00e3o<br \/>\n\t\t\t\t\t<\/a><br \/>\n\t\t\t<a href=\"https:\/\/docs.google.com\/forms\/d\/e\/1FAIpQLSczdgwasGq4RUjIUq3MsTq0A0gLJc8Hj-oYMlPDVWK5Keal2g\/viewform\" role=\"button\"><br \/>\n\t\t\t\t\t\tBanca de Mestrado<br \/>\n\t\t\t\t\t<\/a><br \/>\n\t\t\t<a href=\"https:\/\/docs.google.com\/forms\/d\/e\/1FAIpQLSd0v34aNcuLtYROjS0dxrV0agfboP0bI9sPvhrSSj-aWT6DTw\/viewform\" role=\"button\"><br \/>\n\t\t\t\t\t\tBanca de Doutorado<br \/>\n\t\t\t\t\t<\/a><\/p>\n","protected":false},"excerpt":{"rendered":"<p>Forms Homologa\u00e7\u00f5es Banca de Semin\u00e1rio Banca de Qualifica\u00e7\u00e3o Banca de Mestrado Banca de Doutorado<\/p>\n","protected":false},"author":1,"featured_media":0,"parent":0,"menu_order":0,"comment_status":"closed","ping_status":"closed","template":"","meta":{"footnotes":""},"translation":{"provider":"WPGlobus","version":"2.10.4","language":"en","enabled_languages":["br","en","es"],"languages":{"br":{"title":true,"content":true,"excerpt":false},"en":{"title":true,"content":true,"excerpt":false},"es":{"title":false,"content":false,"excerpt":false}}},"_links":{"self":[{"href":"https:\/\/ppgq-uff.com.br\/en\/wp-json\/wp\/v2\/pages\/1071"}],"collection":[{"href":"https:\/\/ppgq-uff.com.br\/en\/wp-json\/wp\/v2\/pages"}],"about":[{"href":"https:\/\/ppgq-uff.com.br\/en\/wp-json\/wp\/v2\/types\/page"}],"author":[{"embeddable":true,"href":"https:\/\/ppgq-uff.com.br\/en\/wp-json\/wp\/v2\/users\/1"}],"replies":[{"embeddable":true,"href":"https:\/\/ppgq-uff.com.br\/en\/wp-json\/wp\/v2\/comments?post=1071"}],"version-history":[{"count":25,"href":"https:\/\/ppgq-uff.com.br\/en\/wp-json\/wp\/v2\/pages\/1071\/revisions"}],"predecessor-version":[{"id":1797,"href":"https:\/\/ppgq-uff.com.br\/en\/wp-json\/wp\/v2\/pages\/1071\/revisions\/1797"}],"wp:attachment":[{"href":"https:\/\/ppgq-uff.com.br\/en\/wp-json\/wp\/v2\/media?parent=1071"}],"curies":[{"name":"wp","href":"https:\/\/api.w.org\/{rel}","templated":true}]}}