{"id":600,"date":"2021-02-21T22:18:09","date_gmt":"2021-02-22T01:18:09","guid":{"rendered":"http:\/\/ppgq-uff.com.br\/?page_id=600"},"modified":"2021-02-21T22:18:45","modified_gmt":"2021-02-22T01:18:45","slug":"detalhes-da-disciplina","status":"publish","type":"page","link":"https:\/\/ppgq-uff.com.br\/en\/detalhes-da-disciplina\/","title":{"rendered":"Detalhes da Disciplina"},"content":{"rendered":"\t\t<div data-elementor-type=\"wp-page\" data-elementor-id=\"600\" class=\"elementor elementor-600\">\n\t\t\t\t\t\t<div class=\"elementor-inner\">\n\t\t\t\t<div class=\"elementor-section-wrap\">\n\t\t\t\t\t\t\t\t\t<section class=\"elementor-section elementor-top-section elementor-element elementor-element-c74c8d4 elementor-section-boxed elementor-section-height-default elementor-section-height-default\" data-id=\"c74c8d4\" data-element_type=\"section\" data-settings=\"{&quot;background_background&quot;:&quot;classic&quot;}\">\n\t\t\t\t\t\t<div class=\"elementor-container elementor-column-gap-no\">\n\t\t\t\t\t\t\t<div class=\"elementor-row\">\n\t\t\t\t\t<div class=\"elementor-column elementor-col-100 elementor-top-column elementor-element elementor-element-428d588\" data-id=\"428d588\" data-element_type=\"column\">\n\t\t\t<div class=\"elementor-column-wrap elementor-element-populated\">\n\t\t\t\t\t\t\t<div class=\"elementor-widget-wrap\">\n\t\t\t\t\t\t<div class=\"elementor-element elementor-element-dc15db4 elementor-widget elementor-widget-heading\" data-id=\"dc15db4\" data-element_type=\"widget\" data-widget_type=\"heading.default\">\n\t\t\t\t<div class=\"elementor-widget-container\">\n\t\t\t<h1 class=\"elementor-heading-title elementor-size-default\">Detalhes<\/h1>\t\t<\/div>\n\t\t\t\t<\/div>\n\t\t\t\t\t\t<\/div>\n\t\t\t\t\t<\/div>\n\t\t<\/div>\n\t\t\t\t\t\t\t\t<\/div>\n\t\t\t\t\t<\/div>\n\t\t<\/section>\n\t\t\t\t<section class=\"elementor-section elementor-top-section elementor-element elementor-element-f0cc721 elementor-section-content-bottom elementor-section-boxed elementor-section-height-default elementor-section-height-default\" data-id=\"f0cc721\" data-element_type=\"section\" data-settings=\"{&quot;background_background&quot;:&quot;classic&quot;}\">\n\t\t\t\t\t\t<div class=\"elementor-container elementor-column-gap-no\">\n\t\t\t\t\t\t\t<div class=\"elementor-row\">\n\t\t\t\t\t<div class=\"elementor-column elementor-col-100 elementor-top-column elementor-element elementor-element-9372157\" data-id=\"9372157\" data-element_type=\"column\">\n\t\t\t<div class=\"elementor-column-wrap elementor-element-populated\">\n\t\t\t\t\t\t\t<div class=\"elementor-widget-wrap\">\n\t\t\t\t\t\t<div class=\"elementor-element elementor-element-73e62df elementor-widget elementor-widget-shortcode\" data-id=\"73e62df\" data-element_type=\"widget\" data-widget_type=\"shortcode.default\">\n\t\t\t\t<div class=\"elementor-widget-container\">\n\t\t\t\t\t<div class=\"elementor-shortcode\"><style>tr{background:none!important}td{border-bottom:0!important;}<\/style>\n<div class=\"contact\" style=\"margin-top:-20px!important\">\n\t\t\t<h2>\n\t\t\t<a style=\"text-transform:uppercase\"><\/a>\n\t\t<\/h2>\n        <div class=\"barra-h1\"><\/div>\n\t    \n    <div>\n    \t<b>Nome da Disciplina:<\/b>     <\/div>\n    \n    <div><b>Carga Hor\u00e1ria: <\/b><\/div>\n    \n    <div><b>Cr\u00e9ditos: <\/b><\/div>\n    \n    <div><b>Obrigat\u00f3ria: <\/b><\/div>\n\n        \n    \n    \n    <br \/><br \/>\n    \n    <a href=\"index.php\/stricto-sensu\/disciplinas\" class=\"button pesquisar\" style=\"color: #fff; margin: 0 auto;float:left\">VOLTAR<\/a>\n \n       <button type=\"button\" id=\"print_button\" onclick=\"printDisciplina()\" align=\"center\" class=\"btn btn-default\" style=\"float:left;margin-left:20px;\">IMPRIMIR<\/button>\n<\/div>\n\n<!--  =====================================================  PRINT ===================================================================== -->\n\n<div id='print_div' class=\"print_div\" style=\"display:none\">\n  \n  <style>\n  @media print {\n\tdiv{font-family:Arial!important;}\n  }\n    \n<\/style>\n\n   \n    \n    <img decoding=\"async\" src=\"logo-geoquimica.png\" style=\"width:300px;\">\n<br><br>    \n    <div class=\"barra-h1\"><\/div>\n\t    \n    <div>\n    \t<b>Nome da Disciplina:<\/b>     <\/div>\n    \n    <div><b>Carga Hor\u00e1ria: <\/b><\/div>\n    \n    <div><b>Cr\u00e9ditos: <\/b><\/div>\n    \n    <div><b>Obrigat\u00f3ria: <\/b><\/div>\n    \n        \n    \n        \n    <br \/><br \/>\n    <!-- end row -->\n<\/div>\n\n<script>\n\n\/*$('#print_button').click(function(){*\/\nfunction printDisciplina(){\n\tvar conteudo = document.getElementById('print_div').innerHTML,\n\ttela_impressao = window.open('SIPOS - Sistema de Informa\u00e7\u00e3o para P\u00f3s-Gradua\u00e7\u00e3o');\n\ttela_impressao.document.write(conteudo);\n\ttela_impressao.window.print();\n\ttela_impressao.window.close();    \n}\n\/*});*\/\n\n        \n\n<\/script>\n\n<!-- end tab -->\n\t<\/div>\n\t\t\t\t<\/div>\n\t\t\t\t<\/div>\n\t\t\t\t<div class=\"elementor-element elementor-element-78651a6 elementor-widget-divider--view-line elementor-widget elementor-widget-divider\" data-id=\"78651a6\" data-element_type=\"widget\" data-widget_type=\"divider.default\">\n\t\t\t\t<div class=\"elementor-widget-container\">\n\t\t\t\t\t<div class=\"elementor-divider\">\n\t\t\t<span class=\"elementor-divider-separator\">\n\t\t\t\t\t\t<\/span>\n\t\t<\/div>\n\t\t\t\t<\/div>\n\t\t\t\t<\/div>\n\t\t\t\t\t\t<\/div>\n\t\t\t\t\t<\/div>\n\t\t<\/div>\n\t\t\t\t\t\t\t\t<\/div>\n\t\t\t\t\t<\/div>\n\t\t<\/section>\n\t\t\t\t\t\t\t\t\t<\/div>\n\t\t\t<\/div>\n\t\t\t\t\t<\/div>\n\t\t","protected":false},"excerpt":{"rendered":"<p>Detalhes<\/p>\n","protected":false},"author":1,"featured_media":0,"parent":0,"menu_order":0,"comment_status":"closed","ping_status":"closed","template":"","meta":{"footnotes":""},"translation":{"provider":"WPGlobus","version":"2.10.4","language":"en","enabled_languages":["br","en","es"],"languages":{"br":{"title":true,"content":true,"excerpt":false},"en":{"title":false,"content":false,"excerpt":false},"es":{"title":false,"content":false,"excerpt":false}}},"_links":{"self":[{"href":"https:\/\/ppgq-uff.com.br\/en\/wp-json\/wp\/v2\/pages\/600"}],"collection":[{"href":"https:\/\/ppgq-uff.com.br\/en\/wp-json\/wp\/v2\/pages"}],"about":[{"href":"https:\/\/ppgq-uff.com.br\/en\/wp-json\/wp\/v2\/types\/page"}],"author":[{"embeddable":true,"href":"https:\/\/ppgq-uff.com.br\/en\/wp-json\/wp\/v2\/users\/1"}],"replies":[{"embeddable":true,"href":"https:\/\/ppgq-uff.com.br\/en\/wp-json\/wp\/v2\/comments?post=600"}],"version-history":[{"count":4,"href":"https:\/\/ppgq-uff.com.br\/en\/wp-json\/wp\/v2\/pages\/600\/revisions"}],"predecessor-version":[{"id":604,"href":"https:\/\/ppgq-uff.com.br\/en\/wp-json\/wp\/v2\/pages\/600\/revisions\/604"}],"wp:attachment":[{"href":"https:\/\/ppgq-uff.com.br\/en\/wp-json\/wp\/v2\/media?parent=600"}],"curies":[{"name":"wp","href":"https:\/\/api.w.org\/{rel}","templated":true}]}}