{"id":1026,"date":"2021-03-29T22:30:54","date_gmt":"2021-03-30T01:30:54","guid":{"rendered":"http:\/\/ppgq-uff.com.br\/?page_id=1026"},"modified":"2025-04-30T15:22:08","modified_gmt":"2025-04-30T18:22:08","slug":"credenciamento-de-docentes","status":"publish","type":"page","link":"https:\/\/ppgq-uff.com.br\/es\/credenciamento-de-docentes\/","title":{"rendered":"Credenciamento de Docentes"},"content":{"rendered":"<h1>Credenciamento de Docentes<\/h1>\n<p>O credenciamento de docentes no PPGQ-UFF \u00e9 realizado anualmente, levando em considera\u00e7\u00e3o a produ\u00e7\u00e3o cient\u00edfica dos pesquisadores, que \u00e9 avaliada segundo as normas estabelecidas pelo Colegiado do Programa. Neste caso, a produ\u00e7\u00e3o cient\u00edfica docente nos 3 anos anteriores \u00e0 solicita\u00e7\u00e3o de credenciamento \u00e9 contabilizada na forma do \u00edndice de produtividade (IP), cujo c\u00e1lculo se encontra descrito abaixo e cujo valor deve ser igual ou superior a 60. No caso de pesquisadoras que tiveram filho(s) no per\u00edodo de avalia\u00e7\u00e3o, ser\u00e1 considerada a produ\u00e7\u00e3o cient\u00edfica nos 4\u00a0anos anteriores \u00e0 solicita\u00e7\u00e3o de credenciamento.<\/p>\n<h4 style=\"text-transform: none;\">A documenta\u00e7\u00e3o exigida para o credenciamento docente \u00e9:<\/h4>\n<ol>\n<li>Carta de solicita\u00e7\u00e3o de credenciamento, indicando claramente a categoria (colaborador ou permanente) em que o docente est\u00e1 solicitando credenciamento.<\/li>\n<li>Carta dirigida ao Colegiado do Programa explicitando como o docente poder\u00e1 contribuir para o desenvolvimento do PPGQ-UFF, atrav\u00e9s da men\u00e7\u00e3o de disciplinas que poder\u00e1 oferecer e de linhas de pesquisa que poder\u00e1 desenvolver e\/ou participar.<\/li>\n<li>Projeto de pesquisa, que deve ser redigido de modo a demonstrar a sua viabilidade de execu\u00e7\u00e3o nas condi\u00e7\u00f5es de infraestrutura dispon\u00edveis para o docente.<\/li>\n<li>Curr\u00edculo Lattes atualizado.<\/li>\n<li>Formul\u00e1rio de credenciamento preenchido. Neste formul\u00e1rio deve estar listada toda a produ\u00e7\u00e3o cient\u00edfica do docente nos 3 anos anteriores ao da solicita\u00e7\u00e3o de credenciamento, com o c\u00e1lculo do referido IP.<\/li>\n<li>Planilha de C\u00e1lculo do IP preenchida.<\/li>\n<\/ol>\n<p>Destaca-se que todo o corpo docente do PPGQ-UFF passa pelo processo de recredenciamento anual (em fevereiro), que leva em considera\u00e7\u00e3o a produtividade cient\u00edfica nos 3 anos anteriores da mesma forma que para o credenciamento (IP igual ou superior a 60).\u00a0No caso de pesquisadoras que tiveram filho(s) no per\u00edodo de avalia\u00e7\u00e3o, ser\u00e1 considerada a produ\u00e7\u00e3o cient\u00edfica nos 4\u00a0anos anteriores \u00e0 solicita\u00e7\u00e3o de credenciamento.<\/p>\n<p><a href=\"https:\/\/ppgq-uff.com.br\/wp-content\/uploads\/2023\/12\/Instrucoes-para-o-Recredenciamento.pdf\" target=\"_blank\" rel=\"noopener\">Instru\u00e7\u00f5es para o Credenciamento e Recredenciamento<\/a><\/p>\n<p><a href=\"https:\/\/ppgq-uff.com.br\/wp-content\/uploads\/2023\/12\/Formulario-de-Credenciamento-e-Recredenciamento-2024.docx\" target=\"_blank\" rel=\"noopener\">Formul\u00e1rio de Credenciamento<\/a><\/p>\n<p><a href=\"https:\/\/ppgq-uff.com.br\/wp-content\/uploads\/2023\/12\/Planilha-de-Calculo-do-Indice-de-Produtividade-2024.xlsx\" target=\"_blank\" rel=\"noopener\">Planilha de C\u00e1lculo do \u00cdndice de Produtividade<\/a><\/p>\n<p><a href=\"https:\/\/ppgq-uff.com.br\/wp-content\/uploads\/2023\/12\/QUALIS-de-Referencia-Quadrienio-2017-2020.xlsx\">QUALIS de Refer\u00eancia<\/a><\/p>\n","protected":false},"excerpt":{"rendered":"<p>Credenciamento de Docentes O credenciamento de docentes no PPGQ-UFF \u00e9 realizado anualmente, levando em considera\u00e7\u00e3o a produ\u00e7\u00e3o cient\u00edfica dos pesquisadores, que \u00e9 avaliada segundo as normas estabelecidas pelo Colegiado do Programa. Neste caso, a produ\u00e7\u00e3o cient\u00edfica docente nos 3 anos anteriores \u00e0 solicita\u00e7\u00e3o de credenciamento \u00e9 contabilizada na forma do \u00edndice de produtividade (IP), cujo &hellip;<\/p>\n<p class=\"read-more\"> <a class=\"\" href=\"https:\/\/ppgq-uff.com.br\/es\/credenciamento-de-docentes\/\"> <span class=\"screen-reader-text\">Credenciamento de Docentes<\/span> Read More &raquo;<\/a><\/p>\n","protected":false},"author":1,"featured_media":0,"parent":0,"menu_order":0,"comment_status":"closed","ping_status":"closed","template":"","meta":{"footnotes":""},"translation":{"provider":"WPGlobus","version":"2.10.4","language":"es","enabled_languages":["br","en","es"],"languages":{"br":{"title":true,"content":true,"excerpt":false},"en":{"title":true,"content":true,"excerpt":false},"es":{"title":false,"content":true,"excerpt":false}}},"_links":{"self":[{"href":"https:\/\/ppgq-uff.com.br\/es\/wp-json\/wp\/v2\/pages\/1026"}],"collection":[{"href":"https:\/\/ppgq-uff.com.br\/es\/wp-json\/wp\/v2\/pages"}],"about":[{"href":"https:\/\/ppgq-uff.com.br\/es\/wp-json\/wp\/v2\/types\/page"}],"author":[{"embeddable":true,"href":"https:\/\/ppgq-uff.com.br\/es\/wp-json\/wp\/v2\/users\/1"}],"replies":[{"embeddable":true,"href":"https:\/\/ppgq-uff.com.br\/es\/wp-json\/wp\/v2\/comments?post=1026"}],"version-history":[{"count":109,"href":"https:\/\/ppgq-uff.com.br\/es\/wp-json\/wp\/v2\/pages\/1026\/revisions"}],"predecessor-version":[{"id":1885,"href":"https:\/\/ppgq-uff.com.br\/es\/wp-json\/wp\/v2\/pages\/1026\/revisions\/1885"}],"wp:attachment":[{"href":"https:\/\/ppgq-uff.com.br\/es\/wp-json\/wp\/v2\/media?parent=1026"}],"curies":[{"name":"wp","href":"https:\/\/api.w.org\/{rel}","templated":true}]}}