{"id":1041,"date":"2021-03-29T22:37:48","date_gmt":"2021-03-30T01:37:48","guid":{"rendered":"http:\/\/ppgq-uff.com.br\/?page_id=1041"},"modified":"2025-12-01T13:38:46","modified_gmt":"2025-12-01T16:38:46","slug":"regimentos-e-normas","status":"publish","type":"page","link":"https:\/\/ppgq-uff.com.br\/es\/regimentos-e-normas\/","title":{"rendered":"Regimentos e Normas"},"content":{"rendered":"<h1>Regimentos e Normas<\/h1>\n<p>O Regimento Interno e as Normas do Programa de P\u00f3s Gradua\u00e7\u00e3o em Qu\u00edmica est\u00e3o de acordo com o Regulamento para os Programas de P\u00f3s Gradua\u00e7\u00e3o Stricto Sensu da Universidade Federal Fluminenese, tendo em vista os regulamentos deliberados pelo Conselho de Ensino e Pesquisa e pelo Conselho Universit\u00e1rio. Consulte os documentos abaixo.<\/p>\n<p><a href=\"http:\/\/ppgq-uff.com.br\/wp-content\/uploads\/2021\/03\/Regulamento_geral_Stricto_Sensu__04-11-16.pdf\">Regulamento para os Programas de P\u00f3s Gradua\u00e7\u00e3o Stricto Sensu da UFF<\/a><br \/><a href=\"http:\/\/ppgq-uff.com.br\/wp-content\/uploads\/2021\/03\/Regimento_Interno_PPGQ_UFF_outubro_2017.pdf\">Regimento Interno do Programa de P\u00f3s Gradua\u00e7\u00e3o em Qu\u00edmica &#8211; UFF<\/a><br \/><a href=\"http:\/\/ppgq-uff.com.br\/wp-content\/uploads\/2021\/03\/01122017-Regulamento-do-PROEX-2017-Versao-final-compilada.pdf\">Regulamento PROEX<\/a><\/p>\n<p><strong>NORMAS INTERNAS &#8211; PPGQ\/UFF<\/strong><br \/><a href=\"https:\/\/ppgq-uff.com.br\/wp-content\/uploads\/2023\/10\/Normas-para-o-Exame-Geral-de-Conhecimentos-revisado-11.06.20201.docx\">Exame Geral de Conhecimentos<\/a><br \/><a href=\"http:\/\/ppgq-uff.com.br\/wp-content\/uploads\/2022\/04\/Norma-para-composicao-de-bancas.pdf\" target=\"_blank\" rel=\"noopener\">Norma Geral para Defesas de Disserta\u00e7\u00e3o e Tese<\/a><br \/><a href=\"http:\/\/ppgq-uff.com.br\/wp-content\/uploads\/2022\/10\/Norma-para-Estagio-em-Docencia.pdf\" target=\"_blank\" rel=\"noopener\">Norma Geral para Est\u00e1gio em Doc\u00eancia<\/a><br \/><a href=\"https:\/\/ppgq-uff.com.br\/wp-content\/uploads\/2023\/12\/Norma-geral-para-Pos-Doutoramento.pdf\">Norma Geral para P\u00f3s-Doutoramento<\/a><\/p>\n","protected":false},"excerpt":{"rendered":"<p>Regimentos e Normas O Regimento Interno e as Normas do Programa de P\u00f3s Gradua\u00e7\u00e3o em Qu\u00edmica est\u00e3o de acordo com o Regulamento para os Programas de P\u00f3s Gradua\u00e7\u00e3o Stricto Sensu da Universidade Federal Fluminenese, tendo em vista os regulamentos deliberados pelo Conselho de Ensino e Pesquisa e pelo Conselho Universit\u00e1rio. Consulte os documentos abaixo. Regulamento &hellip;<\/p>\n<p class=\"read-more\"> <a class=\"\" href=\"https:\/\/ppgq-uff.com.br\/es\/regimentos-e-normas\/\"> <span class=\"screen-reader-text\">Regimentos e Normas<\/span> Read More &raquo;<\/a><\/p>\n","protected":false},"author":1,"featured_media":0,"parent":0,"menu_order":0,"comment_status":"closed","ping_status":"closed","template":"","meta":{"footnotes":""},"translation":{"provider":"WPGlobus","version":"2.10.4","language":"es","enabled_languages":["br","en","es"],"languages":{"br":{"title":true,"content":true,"excerpt":false},"en":{"title":true,"content":true,"excerpt":false},"es":{"title":false,"content":true,"excerpt":false}}},"_links":{"self":[{"href":"https:\/\/ppgq-uff.com.br\/es\/wp-json\/wp\/v2\/pages\/1041"}],"collection":[{"href":"https:\/\/ppgq-uff.com.br\/es\/wp-json\/wp\/v2\/pages"}],"about":[{"href":"https:\/\/ppgq-uff.com.br\/es\/wp-json\/wp\/v2\/types\/page"}],"author":[{"embeddable":true,"href":"https:\/\/ppgq-uff.com.br\/es\/wp-json\/wp\/v2\/users\/1"}],"replies":[{"embeddable":true,"href":"https:\/\/ppgq-uff.com.br\/es\/wp-json\/wp\/v2\/comments?post=1041"}],"version-history":[{"count":70,"href":"https:\/\/ppgq-uff.com.br\/es\/wp-json\/wp\/v2\/pages\/1041\/revisions"}],"predecessor-version":[{"id":1906,"href":"https:\/\/ppgq-uff.com.br\/es\/wp-json\/wp\/v2\/pages\/1041\/revisions\/1906"}],"wp:attachment":[{"href":"https:\/\/ppgq-uff.com.br\/es\/wp-json\/wp\/v2\/media?parent=1041"}],"curies":[{"name":"wp","href":"https:\/\/api.w.org\/{rel}","templated":true}]}}