{"id":1071,"date":"2021-04-05T11:03:12","date_gmt":"2021-04-05T14:03:12","guid":{"rendered":"http:\/\/ppgq-uff.com.br\/?page_id=1071"},"modified":"2024-10-30T18:24:29","modified_gmt":"2024-10-30T21:24:29","slug":"formularios","status":"publish","type":"page","link":"https:\/\/ppgq-uff.com.br\/es\/formularios\/","title":{"rendered":"Formul\u00e1rios"},"content":{"rendered":"<h1>Formul\u00e1rios<\/h1>\n<ul>\n<li><a href=\"http:\/\/ppgq-uff.com.br\/wp-content\/uploads\/2021\/05\/form_ficha_estagio_docencia.pdf\" target=\"_blank\" rel=\"noopener\">FICHA SEMESTRAL DE INSCRI\u00c7\u00c3O EM EST\u00c1GIO EM DOC\u00caNCIA (DISCENTES)<\/a><\/li>\n<li><a href=\"http:\/\/ppgq-uff.com.br\/wp-content\/uploads\/2021\/05\/form_avalia_estagio_docencia.pdf\" target=\"_blank\" rel=\"noopener\">FICHA SEMESTRAL DE AVALIA\u00c7\u00c3O DE EST\u00c1GIO EM DOC\u00caNCIA (DISCENTES)<\/a><\/li>\n<li><a href=\"http:\/\/ppgq-uff.com.br\/wp-content\/uploads\/2021\/05\/FICHAS_COMPROVACAO_ASSISTENCIA_SEMINARIOS_EXTRAS_FORA_DA_UFF.pdf\" target=\"_blank\" rel=\"noopener\">FICHAS DE COMPROVA\u00c7\u00c3O DE ASSIST\u00caNCIA A SEMIN\u00c1RIOS EXTRAS FORA DA UFF (DISCENTES)<\/a><\/li>\n<li><a href=\"http:\/\/ppgq-uff.com.br\/wp-content\/uploads\/2021\/05\/FICHAS_COMPROVACAO_ASSISTENCIA_SEMINARIOS_EXTRAS_NA_UFF.pdf\" target=\"_blank\" rel=\"noopener\">FICHAS DE COMPROVA\u00c7\u00c3O DE ASSIST\u00caNCIA A SEMIN\u00c1RIOS EXTRAS NA UFF (DISCENTES)<\/a><\/li>\n<li><a href=\"https:\/\/ppgq-uff.com.br\/wp-content\/uploads\/2024\/10\/Formulario-de-Relatorio-Anual_DISCENTES_LOGO-NOVA.docx\" target=\"_blank\" rel=\"noopener\">FICHA DE AVALIA\u00c7\u00c3O DE RELAT\u00d3RIO DISCENTE<\/a><\/li>\n<li><a href=\"https:\/\/ppgq-uff.com.br\/wp-content\/uploads\/2024\/10\/Formulario-de-Relatorio-Anual-POS-DOCS_LOGO-NOVA.docx\" target=\"_blank\" rel=\"noopener\">FORMUL\u00c1RIO DE AVALIA\u00c7\u00c3O DE RELAT\u00d3RIO DE P\u00d3S-DOUTORANDOS<\/a><\/li>\n<\/ul>\n","protected":false},"excerpt":{"rendered":"<p>Formul\u00e1rios FICHA SEMESTRAL DE INSCRI\u00c7\u00c3O EM EST\u00c1GIO EM DOC\u00caNCIA (DISCENTES) FICHA SEMESTRAL DE AVALIA\u00c7\u00c3O DE EST\u00c1GIO EM DOC\u00caNCIA (DISCENTES) FICHAS DE COMPROVA\u00c7\u00c3O DE ASSIST\u00caNCIA A SEMIN\u00c1RIOS EXTRAS FORA DA UFF (DISCENTES) FICHAS DE COMPROVA\u00c7\u00c3O DE ASSIST\u00caNCIA A SEMIN\u00c1RIOS EXTRAS NA UFF (DISCENTES) FICHA DE AVALIA\u00c7\u00c3O DE RELAT\u00d3RIO DISCENTE FORMUL\u00c1RIO DE AVALIA\u00c7\u00c3O DE RELAT\u00d3RIO DE P\u00d3S-DOUTORANDOS<\/p>\n","protected":false},"author":1,"featured_media":0,"parent":0,"menu_order":0,"comment_status":"closed","ping_status":"closed","template":"","meta":{"footnotes":""},"translation":{"provider":"WPGlobus","version":"2.10.4","language":"es","enabled_languages":["br","en","es"],"languages":{"br":{"title":true,"content":true,"excerpt":false},"en":{"title":true,"content":true,"excerpt":false},"es":{"title":false,"content":false,"excerpt":false}}},"_links":{"self":[{"href":"https:\/\/ppgq-uff.com.br\/es\/wp-json\/wp\/v2\/pages\/1071"}],"collection":[{"href":"https:\/\/ppgq-uff.com.br\/es\/wp-json\/wp\/v2\/pages"}],"about":[{"href":"https:\/\/ppgq-uff.com.br\/es\/wp-json\/wp\/v2\/types\/page"}],"author":[{"embeddable":true,"href":"https:\/\/ppgq-uff.com.br\/es\/wp-json\/wp\/v2\/users\/1"}],"replies":[{"embeddable":true,"href":"https:\/\/ppgq-uff.com.br\/es\/wp-json\/wp\/v2\/comments?post=1071"}],"version-history":[{"count":25,"href":"https:\/\/ppgq-uff.com.br\/es\/wp-json\/wp\/v2\/pages\/1071\/revisions"}],"predecessor-version":[{"id":1797,"href":"https:\/\/ppgq-uff.com.br\/es\/wp-json\/wp\/v2\/pages\/1071\/revisions\/1797"}],"wp:attachment":[{"href":"https:\/\/ppgq-uff.com.br\/es\/wp-json\/wp\/v2\/media?parent=1071"}],"curies":[{"name":"wp","href":"https:\/\/api.w.org\/{rel}","templated":true}]}}