{"id":1152,"date":"2021-05-18T08:25:45","date_gmt":"2021-05-18T11:25:45","guid":{"rendered":"http:\/\/ppgq-uff.com.br\/?page_id=1152"},"modified":"2026-01-23T20:03:29","modified_gmt":"2026-01-23T23:03:29","slug":"calendario","status":"publish","type":"page","link":"https:\/\/ppgq-uff.com.br\/es\/calendario\/","title":{"rendered":"Calend\u00e1rio"},"content":{"rendered":"<h1>Calend\u00e1rio<\/h1>\n<ul>\n<li><a href=\"https:\/\/ppgq-uff.com.br\/wp-content\/uploads\/2023\/12\/Calendario-reunioes-PPGQ_2024.pdf\">Calend\u00e1rio reuni\u00f5es PPGQ_2024<\/a><\/li>\n<li><a href=\"https:\/\/ppgq-uff.com.br\/wp-content\/uploads\/2023\/12\/Calendario-de-Atividades-PPGQ_2024.pdf\">Calend\u00e1rio de Atividades PPGQ_2024<\/a><\/li>\n<\/ul>\n","protected":false},"excerpt":{"rendered":"<p>Calend\u00e1rio Calend\u00e1rio reuni\u00f5es PPGQ_2024 Calend\u00e1rio de Atividades PPGQ_2024<\/p>\n","protected":false},"author":1,"featured_media":0,"parent":0,"menu_order":0,"comment_status":"closed","ping_status":"closed","template":"","meta":{"footnotes":""},"translation":{"provider":"WPGlobus","version":"2.10.4","language":"es","enabled_languages":["br","en","es"],"languages":{"br":{"title":true,"content":true,"excerpt":false},"en":{"title":true,"content":true,"excerpt":false},"es":{"title":false,"content":true,"excerpt":false}}},"_links":{"self":[{"href":"https:\/\/ppgq-uff.com.br\/es\/wp-json\/wp\/v2\/pages\/1152"}],"collection":[{"href":"https:\/\/ppgq-uff.com.br\/es\/wp-json\/wp\/v2\/pages"}],"about":[{"href":"https:\/\/ppgq-uff.com.br\/es\/wp-json\/wp\/v2\/types\/page"}],"author":[{"embeddable":true,"href":"https:\/\/ppgq-uff.com.br\/es\/wp-json\/wp\/v2\/users\/1"}],"replies":[{"embeddable":true,"href":"https:\/\/ppgq-uff.com.br\/es\/wp-json\/wp\/v2\/comments?post=1152"}],"version-history":[{"count":70,"href":"https:\/\/ppgq-uff.com.br\/es\/wp-json\/wp\/v2\/pages\/1152\/revisions"}],"predecessor-version":[{"id":1921,"href":"https:\/\/ppgq-uff.com.br\/es\/wp-json\/wp\/v2\/pages\/1152\/revisions\/1921"}],"wp:attachment":[{"href":"https:\/\/ppgq-uff.com.br\/es\/wp-json\/wp\/v2\/media?parent=1152"}],"curies":[{"name":"wp","href":"https:\/\/api.w.org\/{rel}","templated":true}]}}