{"id":134,"date":"2020-08-25T01:31:50","date_gmt":"2020-08-25T04:31:50","guid":{"rendered":"http:\/\/ppgq-uff.com.br\/about-us\/"},"modified":"2025-06-25T04:23:11","modified_gmt":"2025-06-25T07:23:11","slug":"sobre-nos","status":"publish","type":"page","link":"https:\/\/ppgq-uff.com.br\/es\/sobre-nos\/","title":{"rendered":"Sobre n\u00f3s"},"content":{"rendered":"<h1>Sobre n\u00f3s<\/h1>\n<h2>Programa de P\u00f3s Gradua\u00e7\u00e3o em Qu\u00edmica<\/h2>\n<p>Mestrado e Doutorado<\/p>\n<p>O Programa de P\u00f3s-Gradua\u00e7\u00e3o em Qu\u00edmica da UFF foi criado em 2008 pela unifica\u00e7\u00e3o do Programa de P\u00f3s-gradua\u00e7\u00e3o em Qu\u00edmica Org\u00e2nica e do Programa de P\u00f3s-gradua\u00e7\u00e3o em Qu\u00edmica. O novo PPGQ-UFF &#8211; nos n\u00edveis de Mestrado e Doutorado &#8211; \u00e9 de car\u00e1ter interdepartamental e tem por finalidades promover a forma\u00e7\u00e3o e o aprimoramento de profissionais de alto n\u00edvel voltados para o ensino e a pesquisa, bem como incentivar e contribuir para o desenvolvimento da pesquisa em todas as \u00e1reas de concentra\u00e7\u00e3o da Qu\u00edmica.\u00a0 \u00a0<\/p>\n<p>A diversidade das principais linhas de pesquisa do PPGQ tem proporcionado a amplia\u00e7\u00e3o das fronteiras da Qu\u00edmica desenvolvida em nossos laborat\u00f3rios. De fato, a colabora\u00e7\u00e3o entre os grupos permanentes e a associa\u00e7\u00e3o com outros grupos nacionais e internacionais, faz da interdisciplinaridade uma carater\u00edstica marcante nas pesquisas e nos trabalhos orientados pelos docentes do Programa. O aluno interessado pode se inscrever nos Cursos de Mestrado, Doutorado Direto e Doutorado ap\u00f3s Mestrado.\u00a0<\/p>\n<p>\t\t\t\t\t\t\t\t\t\t\t\t<img decoding=\"async\" width=\"461\" height=\"1024\" src=\"http:\/\/ppgq-uff.com.br\/wp-content\/uploads\/2021\/03\/WhatsApp-Image-2021-03-16-at-12.15.02-461x1024.jpeg\" alt=\"\" loading=\"lazy\" srcset=\"https:\/\/ppgq-uff.com.br\/wp-content\/uploads\/2021\/03\/WhatsApp-Image-2021-03-16-at-12.15.02-461x1024.jpeg 461w, https:\/\/ppgq-uff.com.br\/wp-content\/uploads\/2021\/03\/WhatsApp-Image-2021-03-16-at-12.15.02-135x300.jpeg 135w, https:\/\/ppgq-uff.com.br\/wp-content\/uploads\/2021\/03\/WhatsApp-Image-2021-03-16-at-12.15.02-691x1536.jpeg 691w, https:\/\/ppgq-uff.com.br\/wp-content\/uploads\/2021\/03\/WhatsApp-Image-2021-03-16-at-12.15.02.jpeg 720w\" sizes=\"(max-width: 461px) 100vw, 461px\" \/><br \/>\n\t\t\t\t\t\t\t\t\t\t\t\t<img decoding=\"async\" width=\"1024\" height=\"768\" src=\"http:\/\/ppgq-uff.com.br\/wp-content\/uploads\/2021\/03\/28f81064-5143-4e9d-96d6-b5ab7e7f0631.jpg\" alt=\"\" loading=\"lazy\" srcset=\"https:\/\/ppgq-uff.com.br\/wp-content\/uploads\/2021\/03\/28f81064-5143-4e9d-96d6-b5ab7e7f0631.jpg 1024w, https:\/\/ppgq-uff.com.br\/wp-content\/uploads\/2021\/03\/28f81064-5143-4e9d-96d6-b5ab7e7f0631-300x225.jpg 300w, https:\/\/ppgq-uff.com.br\/wp-content\/uploads\/2021\/03\/28f81064-5143-4e9d-96d6-b5ab7e7f0631-768x576.jpg 768w\" sizes=\"(max-width: 1024px) 100vw, 1024px\" \/>\t\t\t\t\t\t\t\t\t\t\t\t\t\t<\/p>\n<h2>Nota 6<\/h2>\n<p>\t\t\t\t\t\t\tConceito CAPES<br \/>\n\t\t\t\t\t\t<i>&#xE934;<\/i><i>&#xE934;<\/i><i>&#xE934;<\/i><i>&#xE934;<\/i><i>&#xE934;<\/i> 0\/5\t\t<\/p>\n<h3>\n\t\t\t\t\t\t30<br \/>\n\t\t\t\t<\/h3>\n<p>\n\t\t\t\t\t\tAnos de Ensino\t\t\t\t\t<\/p>\n<h3>\n\t\t\t\t\t\t60+<br \/>\n\t\t\t\t<\/h3>\n<p>\n\t\t\t\t\t\tDocentes\t\t\t\t\t<\/p>\n<h3>\n\t\t\t\t\t\t200+<br \/>\n\t\t\t\t<\/h3>\n<p>\n\t\t\t\t\t\tAlunos Titulados\t\t\t\t\t<\/p>\n<h2>Coordena\u00e7\u00e3o<\/h2>\n<table style=\";border:0;margin-bottom:0\"><tr><td style=\";border:0\">\r\n\r\n\r\n<table style=\";border:0;margin-bottom:0\"><tr><td style=\"width: 30%;border:0\">\r\n\t\t\t<div style=\"width:50%;float:left;\">\r\n\t\t\t\r\n\t\t\t<div ><div style=\"    border-left: 10px solid #28bd86;background: url('\/sipos\/administracao\/docentes\/fotos\/2021.03.27-11.45.19.gif'); background-size:100%  ;display: block;height: 150px!important;background-position: left center;width:150px;border-radius:100px;float:left;margin:30px;margin-top:0;\" src=\"2021.03.27-11.45.19.gif\" alt=\"\" border=\"0\" \/><\/div>\r\n            \t<\/div>\r\n\t\t\t<\/div>\r\n\t\t\t<\/td>\r\n             \r\n            <td style=\"vertical-align: top;border:0\">\r\n            <h4 style=\"    margin-bottom: 10px;\">J\u00falio C\u00e9sar Martins da Silva<\/h4>\r\n \r\n\t\t\t<p>Coordena\u00e7\u00e3o<br \/><i class=\"fa fa-envelope\" aria-hidden=\"true\"  style=\"color: #28bd86;\"><\/i>\r\n\t\t\tjuliocms@id.uff.br<\/p>\r\n            \r\n            <div class=\"elementor-button-wrapper\">\r\n\t\t\t<a href=\"http:\/\/ppgq-uff.com.br\/detalhes-do-docente\/?idd=31\" class=\"elementor-button-link elementor-button elementor-size-sm btn-verde\" role=\"button\" style=\"background: transparent;color:#28bd86;border-color:#28bd86;padding: 10px;\r\n    padding-left: 15px;\r\n    padding-right: 15px;\">\r\n\t\t\t\t\t\t+ Informa\u00e7\u00f5es\r\n\t\t\t\t\t<\/a>\r\n\t\t<\/div>\r\n\t\t\r\n            <\/td><\/tr><\/table>\r\n                \r\n<\/td><td style=\"border: 0;\">\r\n\r\n\r\n<table style=\";border:0;margin-bottom:0\"><tr><td style=\"width: 30%;border:0\">\r\n\t\t\t<div style=\"width:50%;float:left;\">\r\n\t\t\t\r\n\t\t\t<div ><div style=\"    border-left: 10px solid #28bd86;background: url('\/sipos\/administracao\/docentes\/fotos\/2022.05.10-17.48.01.jpg'); background-size:100%  ;display: block;height: 150px!important;background-position: left center;width:150px;border-radius:100px;float:left;margin:30px;margin-top:0;\" src=\"2022.05.10-17.48.01.jpg\" alt=\"\" border=\"0\" \/><\/div>\r\n            \t<\/div>\r\n\t\t\t<\/div>\r\n\t\t\t<\/td>\r\n             \r\n            <td style=\"vertical-align: top;border:0\">\r\n            <h4 style=\"    margin-bottom: 10px;\">Thiago de Melo Lima<\/h4>\r\n \r\n\t\t\t<p>Vice-coordena\u00e7\u00e3o<br \/><i class=\"fa fa-envelope\" aria-hidden=\"true\"  style=\"color: #28bd86;\"><\/i>\r\n\t\t\ttmlima@id.uff.br<\/p>\r\n            \r\n            <div class=\"elementor-button-wrapper\">\r\n\t\t\t<a href=\"http:\/\/ppgq-uff.com.br\/detalhes-do-docente\/?idd=54\" class=\"elementor-button-link elementor-button elementor-size-sm btn-verde\" role=\"button\" style=\"background: transparent;color:#28bd86;border-color:#28bd86;padding: 10px;\r\n    padding-left: 15px;\r\n    padding-right: 15px;\">\r\n\t\t\t\t\t\t+ Informa\u00e7\u00f5es\r\n\t\t\t\t\t<\/a>\r\n\t\t<\/div>\r\n\t\t\r\n            <\/td><\/tr><\/table>\r\n                \r\n<\/td><\/tr>\r\n<\/table>\n<h2>Hist\u00f3rico<\/h2>\n<p>Desde 1991<\/p>\n<p><strong style=\"color: #1b5fc1;\">Cria\u00e7\u00e3o e in\u00edcio<\/strong><\/p>\n<p>O Programa de P\u00f3s-gradua\u00e7\u00e3o em Qu\u00edmica Org\u00e2nica da Universidade Federal Fluminense (c\u00f3digo CAPES 31003010027P-0) foi criado em 1991 com o n\u00edvel de Mestrado, passando a oferecer o curso de Doutorado a partir de 1999. Teve o conceito 5 mantido na sua \u00faltima avalia\u00e7\u00e3o da CAPES (tri\u00eanio 2004-2006), fazendo parte de um grupo de 12 cursos de PG em Qu\u00edmica no Brasil com o mesmo conceito. Contava, \u00e0 \u00e9poca, com 16 docentes permanentes, 9 dos quais bolsistas de produtividade do CNPq e 4 Cientistas do Nosso Estado &#8211; FAPERJ.<\/p>\n<p>J\u00e1 o Programa de P\u00f3s-gradua\u00e7\u00e3o em Qu\u00edmica da Universidade Federal Fluminense (c\u00f3digo CAPES 31003010047P-0) foi criado em 2002 com o n\u00edvel de Mestrado, nas \u00e1reas de Qu\u00edmica Anal\u00edtica, F\u00edsico-Qu\u00edmica e Qu\u00edmica Inorg\u00e2nica. Ap\u00f3s um primeiro tri\u00eanio com conceito 3, este aumentado para 4 no tri\u00eanio 2004-2006 de avalia\u00e7\u00e3o da CAPES, sendo o \u00fanico curso com conceito 3, da \u00e1rea de Qu\u00edmica, promovido nesta avalia\u00e7\u00e3o. Contava com 16 docentes, dos quais 9 bolsistas de produtividade do CNPq.<\/p>\n<p>A capta\u00e7\u00e3o de recursos financeiros pelos docentes dos dois programas foi marcante nos anos seguintes (2004 a 2008), quando foram captados cerca de R$ 11 milh\u00f5es em projetos individuais e\/ou em equipes, que reverteram-se principalmente na aquisi\u00e7\u00e3o de equipamentos (alguns multiusu\u00e1rios) e na cria\u00e7\u00e3o do Centro de Pesquisa e Desenvolvimento de Processos e Produtos na \u00c1rea de Incrusta\u00e7\u00e3o Qu\u00edmica, abrangendo pesquisadores do Instituto de Qu\u00edmica da UFF nas \u00e1reas de Qu\u00edmica Org\u00e2nica, Qu\u00edmica Anal\u00edtica, Qu\u00edmica Inorg\u00e2nica e F\u00edsico-Qu\u00edmica. Desde ent\u00e3o, docentes dos dois Programas foram contemplados em v\u00e1rios editais lan\u00e7ados pela Faperj, CNPq e outras ag\u00eancias de fomento.<\/p>\n<p><strong style=\"color: #1b5fc1;\">Unifica\u00e7\u00e3o<\/strong><\/p>\n<p>Por indica\u00e7\u00e3o do Comit\u00ea de Avalia\u00e7\u00e3o da \u00e1rea de Qu\u00edmica da CAPES, os dois Programas de P\u00f3s-gradua\u00e7\u00e3o submeteram, em abril de 2008, o projeto de unifica\u00e7\u00e3o, o qual foi recomendado pela CAPES em 01 de agosto daquele ano (Of\u00edcio CAPES No. 014_06\/2008). O novo Programa de P\u00f3s-Gradua\u00e7\u00e3o em Qu\u00edmica &#8211; nos n\u00edveis de Mestrado e Doutorado &#8211; \u00e9 de car\u00e1ter interdepartamental e tem por finalidades promover a forma\u00e7\u00e3o e o aprimoramento de profissionais de alto n\u00edvel voltados para o ensino e a pesquisa, bem como incentivar e contribuir para o desenvolvimento da pesquisa em todas as \u00e1reas de concentra\u00e7\u00e3o da Qu\u00edmica.<\/p>\n<p><strong style=\"color: #1b5fc1;\">Crescimento not\u00e1vel<\/strong><\/p>\n<p>A CAPES atribuiu conceito 5 ao novo Programa de P\u00f3s-Gradua\u00e7\u00e3o em Qu\u00edmica da UFF, que contava, \u00e0 \u00e9poca, com 41 docentes, atuando nas seguintes linhas de pesquisa: 1- Cin\u00e9tica e cat\u00e1lise. 2-Desenvolvimento e aplica\u00e7\u00e3o de m\u00e9todos anal\u00edticos. 3-Espectroscopia. 4- Modelagem molecular e qu\u00edmica computacional. 5- Qu\u00edmica ambiental. 6- Qu\u00edmica bioinorg\u00e2nica, bioorg\u00e2nica e bioanalitica. 7- Qu\u00edmica de petr\u00f3leo, g\u00e1s natural e biocombust\u00edveis. 8- Qu\u00edmica de produtos naturais. 9- Compostos e materiais moleculares. 10- S\u00edntese Org\u00e2nica. Assim, em 18 de agosto de 2008, deu-se in\u00edcio \u00e0s atividades acad\u00eamicas do Programa de P\u00f3s-Gradua\u00e7\u00e3o em Qu\u00edmica da UFF unificado. Desde ent\u00e3o, o PPGQ-UFF tem experimentado anos um not\u00e1vel crescimento, atingindo a marca de mais de 580 alunos titulados. O crescimento qualitativo do PPGQ-UFF tamb\u00e9m pode ser notado e culminou com a eleva\u00e7\u00e3o do n\u00edvel do Programa para 6, ap\u00f3s a avalia\u00e7\u00e3o quadrienal 2013-2016, conceito que \u00e9 mantido desde ent\u00e3o.<\/p>\n<p>\t\t\t\t\t\t\t\t\t\t\t\t<img decoding=\"async\" src=\"http:\/\/ppgq-uff.com.br\/wp-content\/uploads\/elementor\/thumbs\/227437ae-b501-4da8-8843-741403e36aa2-p4n1s6sq3td88ddz9ee71ekv3ldyt56lbjhk9pq9bs.jpg\" title=\"227437ae-b501-4da8-8843-741403e36aa2\" alt=\"227437ae-b501-4da8-8843-741403e36aa2\" \/><br \/>\n\t\t\t\t\t\t\t\t\t\t\t\t<img decoding=\"async\" src=\"http:\/\/ppgq-uff.com.br\/wp-content\/uploads\/elementor\/thumbs\/WhatsApp-Image-2021-03-18-at-17.34.41-p4n1rcpw1481wulo51e4tm6439i7ytv6jem0wuyuuw.jpeg\" title=\"WhatsApp Image 2021-03-18 at 17.34.41\" alt=\"WhatsApp Image 2021-03-18 at 17.34.41\" \/><br \/>\n\t\t\t\t\t\t\t\t\t\t\t\t<img decoding=\"async\" src=\"http:\/\/ppgq-uff.com.br\/wp-content\/uploads\/elementor\/thumbs\/WhatsApp-Image-2021-03-16-at-16.09.34-p4n1r80p2y1masshwhczz5ct4c5dwcciurclih5tq0.jpeg\" title=\"WhatsApp Image 2021-03-16 at 16.09.34\" alt=\"WhatsApp Image 2021-03-16 at 16.09.34\" \/>\t\t\t\t\t\t\t\t\t\t\t\t\t\t<\/p>\n<h2>Miss\u00e3o<\/h2>\n<p>A miss\u00e3o do PPGQ-UFF est\u00e1 pautada na Forma\u00e7\u00e3o de recursos humanos, Desenvolvimento regional \/ Intera\u00e7\u00e3o e integra\u00e7\u00e3o regional, Diminui\u00e7\u00e3o de iniquidades, Inova\u00e7\u00e3o \/ Intera\u00e7\u00e3o com as ind\u00fastrias \/ Empreendedorismo e Internacionaliza\u00e7\u00e3o. Assim, o programa visa formar recursos humanos altamente qualificados, capacitados a atuar nas diversas \u00e1reas da Qu\u00edmica, de forma a atender, com vis\u00e3o cr\u00edtica e valores \u00e9ticos, \u00e0s demandas de institui\u00e7\u00f5es de ensino superior e m\u00e9dio, centros de pesquisa e o setor privado. Promover de forma ativa a diminui\u00e7\u00e3o de iniquidades e a intera\u00e7\u00e3o e integra\u00e7\u00e3o com a comunidade local e regional, evidencia um importante compromisso do programa. A internacionaliza\u00e7\u00e3o, promovida por est\u00e1gio de discentes e docentes no exterior, visitas de curta dura\u00e7\u00e3o de pesquisadores estrangeiros ao nosso programa e atra\u00e7\u00e3o de alunos estrangeiros, tamb\u00e9m \u00e9 um aspecto importante para o PPGQ-UFF. Por fim, inova\u00e7\u00e3o, empreendedorismo e intera\u00e7\u00e3o com a ind\u00fastria fazem parte do comprometimento do PPGQ-UFF.<\/p>\n<p>\t\t\t\t\t\t\t\t\t\t\t\t\t<a href=\"http:\/\/www.cnpq.br\/\" target=\"_blank\" rel=\"noopener\"><br \/>\n\t\t\t\t\t\t\t<img decoding=\"async\" width=\"270\" height=\"170\" src=\"http:\/\/ppgq-uff.com.br\/wp-content\/uploads\/2021\/01\/cnpq.jpg\" alt=\"\" loading=\"lazy\" \/>\t\t\t\t\t\t\t\t<\/a><br \/>\n\t\t\t\t\t\t\t\t\t\t\t\t\t<a href=\"http:\/\/www.faperj.br\/\" target=\"_blank\" rel=\"noopener\"><br \/>\n\t\t\t\t\t\t\t<img decoding=\"async\" width=\"448\" height=\"189\" src=\"http:\/\/ppgq-uff.com.br\/wp-content\/uploads\/2021\/01\/faperj.jpg\" alt=\"\" loading=\"lazy\" srcset=\"https:\/\/ppgq-uff.com.br\/wp-content\/uploads\/2021\/01\/faperj.jpg 448w, https:\/\/ppgq-uff.com.br\/wp-content\/uploads\/2021\/01\/faperj-300x127.jpg 300w\" sizes=\"(max-width: 448px) 100vw, 448px\" \/>\t\t\t\t\t\t\t\t<\/a><br \/>\n\t\t\t\t\t\t\t\t\t\t\t\t\t<a href=\"https:\/\/www.ibict.br\/\" target=\"_blank\" rel=\"noopener\"><br \/>\n\t\t\t\t\t\t\t<img decoding=\"async\" width=\"244\" height=\"92\" src=\"http:\/\/ppgq-uff.com.br\/wp-content\/uploads\/2021\/01\/ibict.gif\" alt=\"\" loading=\"lazy\" \/>\t\t\t\t\t\t\t\t<\/a><br \/>\n\t\t\t\t\t\t\t\t\t\t\t\t\t<a href=\"http:\/\/www.finep.gov.br\/\" target=\"_blank\" rel=\"noopener\"><br \/>\n\t\t\t\t\t\t\t<img decoding=\"async\" width=\"649\" height=\"256\" src=\"http:\/\/ppgq-uff.com.br\/wp-content\/uploads\/2021\/01\/finep.jpg\" alt=\"\" loading=\"lazy\" srcset=\"https:\/\/ppgq-uff.com.br\/wp-content\/uploads\/2021\/01\/finep.jpg 649w, https:\/\/ppgq-uff.com.br\/wp-content\/uploads\/2021\/01\/finep-300x118.jpg 300w\" sizes=\"(max-width: 649px) 100vw, 649px\" \/>\t\t\t\t\t\t\t\t<\/a><br \/>\n\t\t\t\t\t\t\t\t\t\t\t\t\t<a href=\"https:\/\/www.gov.br\/capes\/pt-br\" target=\"_blank\" rel=\"noopener\"><br \/>\n\t\t\t\t\t\t\t<img decoding=\"async\" src=\"http:\/\/ppgq-uff.com.br\/wp-content\/uploads\/elementor\/thumbs\/capes-p1r1n2j0qdvii8a2v3djfes4rlrqf02lilytgwmidw.jpg\" title=\"capes\" alt=\"capes\" \/>\t\t\t\t\t\t\t\t<\/a><br \/>\n\t\t\t\t\t\t\t\t\t\t\t\t\t<a href=\"http:\/\/www.sbq.org.br\/\" target=\"_blank\" rel=\"noopener\"><br \/>\n\t\t\t\t\t\t\t<img decoding=\"async\" width=\"120\" height=\"49\" src=\"http:\/\/ppgq-uff.com.br\/wp-content\/uploads\/2021\/01\/sbq.gif\" alt=\"\" loading=\"lazy\" \/>\t\t\t\t\t\t\t\t<\/a><br \/>\n\t\t\t\t\t\t\t\t\t\t\t\t\t<a href=\"http:\/\/www.uff.br\/?q=tags\/proppi\" target=\"_blank\" rel=\"noopener\"><br \/>\n\t\t\t\t\t\t\t<img decoding=\"async\" width=\"269\" height=\"99\" src=\"http:\/\/ppgq-uff.com.br\/wp-content\/uploads\/2021\/01\/proppi.jpg\" alt=\"\" loading=\"lazy\" \/>\t\t\t\t\t\t\t\t<\/a><br \/>\n\t\t\t\t\t\t\t\t\t\t\t\t\t<a href=\"https:\/\/www.periodicos.capes.gov.br\/\" target=\"_blank\" rel=\"noopener\"><br \/>\n\t\t\t\t\t\t\t<img decoding=\"async\" width=\"291\" height=\"75\" src=\"http:\/\/ppgq-uff.com.br\/wp-content\/uploads\/2021\/01\/per_capes.jpg\" alt=\"\" loading=\"lazy\" \/>\t\t\t\t\t\t\t\t<\/a><\/p>\n","protected":false},"excerpt":{"rendered":"<p>Sobre n\u00f3s Programa de P\u00f3s Gradua\u00e7\u00e3o em Qu\u00edmica Mestrado e Doutorado O Programa de P\u00f3s-Gradua\u00e7\u00e3o em Qu\u00edmica da UFF foi criado em 2008 pela unifica\u00e7\u00e3o do Programa de P\u00f3s-gradua\u00e7\u00e3o em Qu\u00edmica Org\u00e2nica e do Programa de P\u00f3s-gradua\u00e7\u00e3o em Qu\u00edmica. O novo PPGQ-UFF &#8211; nos n\u00edveis de Mestrado e Doutorado &#8211; \u00e9 de car\u00e1ter interdepartamental e &hellip;<\/p>\n<p class=\"read-more\"> <a class=\"\" href=\"https:\/\/ppgq-uff.com.br\/es\/sobre-nos\/\"> <span class=\"screen-reader-text\">Sobre n\u00f3s<\/span> Read More &raquo;<\/a><\/p>\n","protected":false},"author":1,"featured_media":0,"parent":0,"menu_order":0,"comment_status":"closed","ping_status":"closed","template":"","meta":{"footnotes":""},"translation":{"provider":"WPGlobus","version":"2.10.4","language":"es","enabled_languages":["br","en","es"],"languages":{"br":{"title":true,"content":true,"excerpt":false},"en":{"title":true,"content":true,"excerpt":false},"es":{"title":false,"content":false,"excerpt":false}}},"_links":{"self":[{"href":"https:\/\/ppgq-uff.com.br\/es\/wp-json\/wp\/v2\/pages\/134"}],"collection":[{"href":"https:\/\/ppgq-uff.com.br\/es\/wp-json\/wp\/v2\/pages"}],"about":[{"href":"https:\/\/ppgq-uff.com.br\/es\/wp-json\/wp\/v2\/types\/page"}],"author":[{"embeddable":true,"href":"https:\/\/ppgq-uff.com.br\/es\/wp-json\/wp\/v2\/users\/1"}],"replies":[{"embeddable":true,"href":"https:\/\/ppgq-uff.com.br\/es\/wp-json\/wp\/v2\/comments?post=134"}],"version-history":[{"count":105,"href":"https:\/\/ppgq-uff.com.br\/es\/wp-json\/wp\/v2\/pages\/134\/revisions"}],"predecessor-version":[{"id":1892,"href":"https:\/\/ppgq-uff.com.br\/es\/wp-json\/wp\/v2\/pages\/134\/revisions\/1892"}],"wp:attachment":[{"href":"https:\/\/ppgq-uff.com.br\/es\/wp-json\/wp\/v2\/media?parent=134"}],"curies":[{"name":"wp","href":"https:\/\/api.w.org\/{rel}","templated":true}]}}