{"id":14,"date":"2020-08-24T05:19:16","date_gmt":"2020-08-24T08:19:16","guid":{"rendered":"http:\/\/ppgq-uff.com.br\/home\/"},"modified":"2025-04-29T10:01:24","modified_gmt":"2025-04-29T13:01:24","slug":"inicio","status":"publish","type":"page","link":"https:\/\/ppgq-uff.com.br\/es\/","title":{"rendered":"In\u00edcio"},"content":{"rendered":"<h6>Bem-vindo(a) ao<\/h6>\n<h4>Programa de P\u00f3s-gradua\u00e7\u00e3o em <\/h4>\n<h1>Qu\u00edmica<\/h1>\n<p><strong>da Universidade Federal Fluminense<\/strong><\/p>\n<p>\t\t\t<a href=\"http:\/\/ppgq-uff.com.br\/sobre-nos\/\" role=\"button\"><br \/>\n\t\t\t\t\t\tSobre o PPGQ<br \/>\n\t\t\t\t\t<\/a><br \/>\n\t\t\t<a href=\"https:\/\/www.youtube.com\/watch?v=CA9WnPrw34Q&#038;ab_channel=ProgramadeP%C3%B3s-Gradua%C3%A7%C3%A3oemQu%C3%ADmica-UFF\" target=\"_blank\" role=\"button\" rel=\"noopener\"><br \/>\n\t\t\t\t\t\tV\u00eddeo Institucional<br \/>\n\t\t\t\t\t<\/a><\/p>\n<h4>Processo Seletivo<\/h4>\n<h4>Sele\u00e7\u00e3o de Mestrado e Doutorado<\/h4>\n<p>\t\t\n<html>\n<meta charset=\"UTF-8\">\n<body>\n\n<style>\n.mod-articles-category-introtext{color:#fff!important}\n<\/style>\n\n<div class=\"mod-articles-category-introtext\">\n\n\t \t\t<span>Nenhum processo seletivo dispon\u00edvel.<\/span>\n     \n<\/div>\n\n<\/body>\n<\/html>\n<br \/>\n<!--* Houve uma retifica\u00e7\u00e3o no anexo IV,  no campo orientadores habilitados a receberem alunos aprovados no processo seletivo 2023-2. Confiram, por favor. -->\t\t\t<\/p>\n<h2>Curso de<\/h2>\n<h2>NIVELAMENTO<\/h2>\n<h2>em Qu\u00edmica<\/h2>\n<h2>2023<\/h2>\n<p>\t\t\t<a href=\"https:\/\/ppgq-uff.com.br\/2021\/12\/06\/curso-de-nivelamento-em-quimica-2022\/\" role=\"button\"><br \/>\n\t\t\t\t\t\tSAIBA MAIS<br \/>\n\t\t\t\t\t<\/a><\/p>\n<h2>Curso de<\/h2>\n<h2> Nivelamento em Qu\u00edmica<\/h2>\n<p>\t\t\t<a href=\"https:\/\/ppgq-uff.com.br\/2024\/01\/23\/curso-de-nivelamento-em-quimica-2024\/\" role=\"button\"><br \/>\n\t\t\t\t\t\tMAIS INFORMA\u00c7\u00d5ES<br \/>\n\t\t\t\t\t<\/a><\/p>\n<h2>Nota 6<\/h2>\n<p>\t\t\t\t\t\t\tConceito CAPES<br \/>\n\t\t\t\t\t\t<i>&#xE934;<\/i><i>&#xE934;<\/i><i>&#xE934;<\/i><i>&#xE934;<\/i><i>&#xE934;<\/i> 0\/5\t\t<\/p>\n<p>Informaci\u00f3n importante para estudiantes extranjeros<\/p>\n<p>\t\t\t<a href=\"http:\/\/ppgq-uff.com.br\/wp-content\/uploads\/2025\/04\/Informacion-importante-para-estudiantes-extranjeros.pdf\" target=\"_blank\" role=\"button\" rel=\"noopener\"><br \/>\n\t\t\t\t\t\tDOWNLOAD &#8211; ES<br \/>\n\t\t\t\t\t<\/a><\/p>\n<p>Important information for Foreign Students<\/p>\n<p>\t\t\t<a href=\"http:\/\/ppgq-uff.com.br\/wp-content\/uploads\/2025\/04\/Important-information-for-Foreign-Students.pdf\" target=\"_blank\" role=\"button\" rel=\"noopener\"><br \/>\n\t\t\t\t\t\tDOWNLOAD &#8211; EN<br \/>\n\t\t\t\t\t<\/a><\/p>\n<h4>Pr\u00f3ximas<\/p>\n<h2 style=\"color:#1B5FC1\">Defesas<\/h2>\n<\/h4>\n<p>\t\t\t<a href=\"http:\/\/ppgq-uff.com.br\/lista-de-defesas\/\" role=\"button\"><br \/>\n\t\t\t\t\t\tVER TODAS<br \/>\n\t\t\t\t\t<\/a><br \/>\n\t\t<html>\n<meta charset=\"UTF-8\">\n\n<link rel=\"stylesheet\" href=\"\/\/fonts.googleapis.com\/css?family=Roboto+Condensed:400,700,300\" type=\"text\/css\">\n<body id=\"defesas\" >\n\n\n\n<p style=\"font-size:15px;color:#929292;font-family: Arial;margin-left:0px;margin-top:30px\">Nenhuma defesa prevista.<\/p>     \n     \n     <div class=\"carrousel\" >\t\t\t\t\t\n\t\t\t\t\t\t<ul class=\"slides\">\n\t\t\t\t\t\t\t<\/ul>\n\t\t\t<div class=\"slidesNavigation\" style=\"float: right;right: -40px!important;top: 15px;\n    left: auto;;\">\n\t\t\t\t\t\t\t<\/div>\n<\/div>\t\t\n\n\n\n<style>\n\n\/*Carousel*\/\n.carrousel {\n  background: transparent;\n  text-align: left;\n  padding: 0em 0;\n  \/*height:200px;*\/\n  max-width: 100%;\n  margin: auto;\n  position: relative;\n  overflow: hidden;\n}\n.carrousel h2 {\n  margin: 0;\n  margin-top: -1.7em;\n  padding: 0;\n  font-size: 1em;\n  text-align: left;\n  color: #bbbbbb;\n}\n.carrousel .slides {\n    padding-top:0!important;\n  width: 400%;\n  left: 0;\n  padding-left: 0;\n  padding-top: 1em;\n  overflow: hidden;\n  list-style: none;\n  position: relative;\n\n  -webkit-transition: transform .5s;\n  -moz-transition: transform .5s;\n  -o-transition: transform .5s;\n  transition: transform .5s;\n}\n.carrousel .slides li {\n  width: 25%;\n  position: relative;\n  float: left;\n}\n.carrousel li p{\n  margin-top: 0;  \n}\n.carrousel li q {\n  max-width: 90%;\n  margin: auto;\n  color: #666666;\n  font-size: 1.3em;\n  font-weight: bold;\n}\n.carrousel li img {\n  width: 3em;\n  height: 3em;\n  object-fit: cover;\n  border-radius: 50%;\n  margin-left: -1.5em;\n  margin-right: 0.5em;\n  vertical-align: middle;\n}\n.carrousel li span.author {\n  margin-top:0.5em;\n  font-size: 1.2em;\n  color: #777777;\n  display: block;\n}\n.carrousel .slidesNavigation {\n  display: block;\n  list-style: none;\n  text-align: center;\n  bottom: 1em;\n  \/*--- Centering trick---*\/\n    \/* Absolute positioning*\/\n    position: absolute; \n    \/* Abosulte positioning*\/\n    width: 104px; \/*This width  is the addition of the width of all the navigations dots - So in this case is   104 because the navigation dots are 26px (width:10px and 6px marginleft + 6 px marginright) and there are 4 dots so 4x26=104 *\/\n    left: 50%; \/*Centering de element*\/\n    margin-left: -52px; \/*adjusting the centering by applying a negative margin of half of the width*\/\n}\n.carrousel input {\n  display: none;\n}\n.carrousel .slidesNavigation label {\n  float: left;\n  margin: 3px;\n  display: block;\n  height: 10px;\n  width: 10px;\n  -webkit-border-radius: 50%;\n  border-radius: 50%;\n  border: solid 2px #009A72;\n  font-size: 0;\n}\n\/* You have to repeat this with each slide\nTODO: make it easier with SCSS\n25% movement 100\/slides-num\n*\/\n#radio-1:checked ~ .slides {\n  transform: translateX(0%);\n}\n#radio-2:checked ~ .slides {\n  transform: translateX(-25%);\n}\n#radio-3:checked ~ .slides {\n  transform: translateX(-50%);\n}\n#radio-4:checked ~ .slides {\n  transform: translateX(-75%);\n}\n\n\n.carrousel .slidesNavigation label:hover {\n   cursor: pointer;\n}\n\/* You have to repeat this with each slide\/dot *\/\n\n\/* You have to repeat this with each slide\/dot *\/\n.carrousel #radio-1:checked ~ .slidesNavigation label#dotForRadio-1,\n.carrousel #radio-2:checked ~ .slidesNavigation label#dotForRadio-2,\n.carrousel #radio-3:checked ~ .slidesNavigation label#dotForRadio-3,\n.carrousel #radio-4:checked ~ .slidesNavigation label#dotForRadio-4 {\n  background: #009A72;\n}\n\n@media  (max-width: 796px) {\n  .carrousel{\n    height: 8.5em;\n  }\n}\n@media  (max-width: 480px) {\n  .carrousel li p {\n    padding-left: 0.5em;\n    padding-right: 0.5em;\n  }\n  .carrousel li q {\n      font-size: 1em;\n  }\n  .carrousel li img {\n     width:2em;\n     margin-left: -1em;\n     margin-right: 0.25em;\n  }\n}\n<\/style>\n\n    \n \n<style>\n\/*\n.item-1 a, \n.item-2 a, \n.item-3 a {\n    color:#929292;\n    text-decoration:none;\n}\n.item-1 a:hover, \n.item-2 a:hover, \n.item-3 a:hover {\n    color:#009A72;\n    text-decoration:underline;\n}\n.item-1, \n.item-2, \n.item-3 {\n\tposition: absolute;\n  display: block;\n\ttop: 7px;\n  float:left;\n  width: 787px;\n  color:#000;\n  font-size: 12px;\n  font-family:Arial;\nmargin-left:-90px;\n\tanimation-duration: 40s;\n\tanimation-timing-function:  ease;\n\tanimation-iteration-count: infinite;\n}\n\n.item-1{\n\tanimation-name: anim-1;\n}\n\n.item-2{\n\tanimation-name: anim-2;\n}\n\n.item-3{\n\tanimation-name: anim-3;\n}\n\n@keyframes anim-1 {\n    \t0%, 0% { left: -100%; opacity: 0; }\n  0%,25% { left: 25%; opacity: 1; }\n  33.33%, 100% { left: 110%; opacity: 0; }\n  \n\/*\t0%, 8.3% { left: -100%; opacity: 0; }\n  8.3%,25% { left: 25%; opacity: 1; }\n  33.33%, 100% { left: 110%; opacity: 0; }*\/\n}\/*\n\n@keyframes anim-2 {\n\t33.33%, 0% { left: -100%; opacity: 0; }\n  41.63%, 58.29% { left: 25%; opacity: 1; }\n  66.66%, 100% { left: 110%; opacity: 0; }\n}\n\n@keyframes anim-3 {\n\t0%, 66.66% { left: -100%; opacity: 0; }\n  74.96%, 91.62% { left: 25%; opacity: 1; }\n  100% { left: 110%; opacity: 0; }\n}\n*\/\n\n<\/style><\/body><\/html>\thttps:\/\/www.youtube.com\/watch?v=CA9WnPrw34Q&#038;ab_channel=ProgramadeP%C3%B3s-Gradua%C3%A7%C3%A3oemQu%C3%ADmica-UFF\t\t<\/p>\n<h2>\u00daltimas Not\u00edcias<\/h2>\n<article data-id=\"1829\">\n            <a href=\"https:\/\/ppgq-uff.com.br\/2025\/02\/17\/premio-mulheres-na-ciencia-do-ppgq-uff\/\"><\/a><br \/>\n                <img width=\"806\" height=\"346\" src=\"http:\/\/ppgq-uff.com.br\/wp-content\/uploads\/2025\/02\/image.png\" alt=\"\" decoding=\"async\" loading=\"lazy\" srcset=\"https:\/\/ppgq-uff.com.br\/wp-content\/uploads\/2025\/02\/image.png 806w, https:\/\/ppgq-uff.com.br\/wp-content\/uploads\/2025\/02\/image-300x129.png 300w, https:\/\/ppgq-uff.com.br\/wp-content\/uploads\/2025\/02\/image-768x330.png 768w\" sizes=\"(max-width: 806px) 100vw, 806px\" \/><\/p>\n<header>\n<h4><a\n                        href=\"https:\/\/ppgq-uff.com.br\/2025\/02\/17\/premio-mulheres-na-ciencia-do-ppgq-uff\/\"\n                        title=\"Pr\u00eamio \u201cMulheres na Ci\u00eancia do PPGQ-UFF\u201d\">Pr\u00eamio \u201cMulheres na Ci\u00eancia do PPGQ-UFF\u201d<\/a><\/h4>\n<\/header>\n<p>\u00c9 com muita alegria que o PPGQ lan\u00e7a o 2\u00ba&#8230;<\/p>\n<p><a\n                            href=\"https:\/\/ppgq-uff.com.br\/2025\/02\/17\/premio-mulheres-na-ciencia-do-ppgq-uff\/\"\n                           >LEIA MAIS<\/a><br \/>\n    <\/article>\n<article data-id=\"1812\">\n            <a href=\"https:\/\/ppgq-uff.com.br\/2025\/01\/28\/curso-de-nivelamento-2025\/\"><\/a><br \/>\n                <img width=\"1080\" height=\"1350\" src=\"http:\/\/ppgq-uff.com.br\/wp-content\/uploads\/2025\/01\/WhatsApp-Image-2025-01-27-at-08.28.28.jpeg\" alt=\"\" decoding=\"async\" loading=\"lazy\" srcset=\"https:\/\/ppgq-uff.com.br\/wp-content\/uploads\/2025\/01\/WhatsApp-Image-2025-01-27-at-08.28.28.jpeg 1080w, https:\/\/ppgq-uff.com.br\/wp-content\/uploads\/2025\/01\/WhatsApp-Image-2025-01-27-at-08.28.28-240x300.jpeg 240w, https:\/\/ppgq-uff.com.br\/wp-content\/uploads\/2025\/01\/WhatsApp-Image-2025-01-27-at-08.28.28-819x1024.jpeg 819w, https:\/\/ppgq-uff.com.br\/wp-content\/uploads\/2025\/01\/WhatsApp-Image-2025-01-27-at-08.28.28-768x960.jpeg 768w\" sizes=\"(max-width: 1080px) 100vw, 1080px\" \/><\/p>\n<header>\n<h4><a\n                        href=\"https:\/\/ppgq-uff.com.br\/2025\/01\/28\/curso-de-nivelamento-2025\/\"\n                        title=\"Curso de Nivelamento em Qu\u00edmica 2025\">Curso de Nivelamento em Qu\u00edmica 2025<\/a><\/h4>\n<\/header>\n<p>Per\u00edodo das inscri\u00e7\u00f5es: de 27\/01\/2025 a 28\/02\/2025 Inscri\u00e7\u00f5es no link:&#8230;<\/p>\n<p><a\n                            href=\"https:\/\/ppgq-uff.com.br\/2025\/01\/28\/curso-de-nivelamento-2025\/\"\n                           >LEIA MAIS<\/a><br \/>\n    <\/article>\n<article data-id=\"1772\">\n            <a href=\"https:\/\/ppgq-uff.com.br\/2024\/04\/26\/resultado-da-selecao-interna-do-ppgq-uff-de-bolsista-pdse-edital-no-6-2024-da-capes\/\"><\/a><br \/>\n                <img width=\"1502\" height=\"714\" src=\"http:\/\/ppgq-uff.com.br\/wp-content\/uploads\/2023\/09\/logo1_transparente.png\" alt=\"\" decoding=\"async\" loading=\"lazy\" srcset=\"https:\/\/ppgq-uff.com.br\/wp-content\/uploads\/2023\/09\/logo1_transparente.png 1502w, https:\/\/ppgq-uff.com.br\/wp-content\/uploads\/2023\/09\/logo1_transparente-300x143.png 300w, https:\/\/ppgq-uff.com.br\/wp-content\/uploads\/2023\/09\/logo1_transparente-1024x487.png 1024w, https:\/\/ppgq-uff.com.br\/wp-content\/uploads\/2023\/09\/logo1_transparente-768x365.png 768w\" sizes=\"(max-width: 1502px) 100vw, 1502px\" \/><\/p>\n<header>\n<h4><a\n                        href=\"https:\/\/ppgq-uff.com.br\/2024\/04\/26\/resultado-da-selecao-interna-do-ppgq-uff-de-bolsista-pdse-edital-no-6-2024-da-capes\/\"\n                        title=\"Resultado da sele\u00e7\u00e3o interna do PPGQ-UFF de bolsista PDSE, edital n\u00ba 6\/2024 da CAPES\">Resultado da sele\u00e7\u00e3o interna do PPGQ-UFF de bolsista PDSE, edital n\u00ba 6\/2024 da CAPES<\/a><\/h4>\n<\/header>\n<p>&hellip; Resultado da sele\u00e7\u00e3o interna do PPGQ-UFF de bolsista PDSE,&#8230;<\/p>\n<p><a\n                            href=\"https:\/\/ppgq-uff.com.br\/2024\/04\/26\/resultado-da-selecao-interna-do-ppgq-uff-de-bolsista-pdse-edital-no-6-2024-da-capes\/\"\n                           >LEIA MAIS<\/a><br \/>\n    <\/article>\n<p>                <button id=\"eael-load-more-btn-ff22798\" data-widget-id=\"ff22798\" data-widget=\"ff22798\" data-page-id=\"14\" data-nonce=\"07832b32e2\" data-template=\"{&quot;dir&quot;:&quot;lite&quot;,&quot;file_name&quot;:&quot;default.php&quot;,&quot;name&quot;:&quot;Post-Grid&quot;}\" data-class=\"Essential_Addons_ElementorElementsPost_Grid\" data-layout=\"masonry\" data-page=\"1\" data-args=\"orderby=date&amp;order=desc&amp;ignore_sticky_posts=1&amp;post_status=publish&amp;posts_per_page=3&amp;offset=0&amp;post_type=post&amp;tax_query%5B0%5D%5Btaxonomy%5D=category&amp;tax_query%5B0%5D%5Bfield%5D=term_id&amp;tax_query%5B0%5D%5Bterms%5D%5B0%5D=5&amp;tax_query%5Brelation%5D=AND\" data-max-page=\"7\"><br \/>\n                    Load More<br \/>\n                <\/button><\/p>\n<h2>Sobre n\u00f3s<\/h2>\n<p>O Programa de P\u00f3s-Gradua\u00e7\u00e3o em Qu\u00edmica da UFF foi criado em 2008 pela unifica\u00e7\u00e3o do Programa de P\u00f3s-gradua\u00e7\u00e3o em Qu\u00edmica Org\u00e2nica e do Programa de P\u00f3s-gradua\u00e7\u00e3o em Qu\u00edmica. O novo PPGQ-UFF \u2013 nos n\u00edveis de Mestrado e Doutorado \u2013 \u00e9 de car\u00e1ter interdepartamental e tem por finalidades promover a forma\u00e7\u00e3o e o aprimoramento de profissionais de alto n\u00edvel voltados para o ensino e a pesquisa, bem como incentivar e contribuir para o desenvolvimento da pesquisa em todas as \u00e1reas de concentra\u00e7\u00e3o da Qu\u00edmica.\u00a0 \u00a0<\/p>\n<p>O aluno interessado pode se inscrever nos Cursos de Mestrado, Doutorado Direto e Doutorado ap\u00f3s Mestrado.\u00a0<\/p>\n<p>\t\t\t<a href=\"http:\/\/ppgq-uff.com.br\/sobre-nos\/\" role=\"button\"><br \/>\n\t\t\t\t\t\tCONHE\u00c7A-NOS<br \/>\n\t\t\t\t\t<\/a><\/p>\n<h2>\u00daltimas Not\u00edcias<\/h2>\n<article data-id=\"1829\">\n            <a href=\"https:\/\/ppgq-uff.com.br\/2025\/02\/17\/premio-mulheres-na-ciencia-do-ppgq-uff\/\"><\/a><br \/>\n                <img width=\"300\" height=\"129\" src=\"http:\/\/ppgq-uff.com.br\/wp-content\/uploads\/2025\/02\/image-300x129.png\" alt=\"\" decoding=\"async\" loading=\"lazy\" srcset=\"https:\/\/ppgq-uff.com.br\/wp-content\/uploads\/2025\/02\/image-300x129.png 300w, https:\/\/ppgq-uff.com.br\/wp-content\/uploads\/2025\/02\/image-768x330.png 768w, https:\/\/ppgq-uff.com.br\/wp-content\/uploads\/2025\/02\/image.png 806w\" sizes=\"(max-width: 300px) 100vw, 300px\" \/><\/p>\n<header>\n<h6><a\n                        href=\"https:\/\/ppgq-uff.com.br\/2025\/02\/17\/premio-mulheres-na-ciencia-do-ppgq-uff\/\"\n                        title=\"Pr\u00eamio \u201cMulheres na Ci\u00eancia do PPGQ-UFF\u201d\">Pr\u00eamio \u201cMulheres na Ci\u00eancia do PPGQ-UFF\u201d<\/a><\/h6>\n<\/header>\n<p>\u00c9 com muita alegria que o PPGQ lan\u00e7a o 2\u00ba&#8230;<\/p>\n<p><a\n                            href=\"https:\/\/ppgq-uff.com.br\/2025\/02\/17\/premio-mulheres-na-ciencia-do-ppgq-uff\/\"\n                           >Leia mais<\/a><br \/>\n    <\/article>\n<article data-id=\"1812\">\n            <a href=\"https:\/\/ppgq-uff.com.br\/2025\/01\/28\/curso-de-nivelamento-2025\/\"><\/a><br \/>\n                <img width=\"240\" height=\"300\" src=\"http:\/\/ppgq-uff.com.br\/wp-content\/uploads\/2025\/01\/WhatsApp-Image-2025-01-27-at-08.28.28-240x300.jpeg\" alt=\"\" decoding=\"async\" loading=\"lazy\" srcset=\"https:\/\/ppgq-uff.com.br\/wp-content\/uploads\/2025\/01\/WhatsApp-Image-2025-01-27-at-08.28.28-240x300.jpeg 240w, https:\/\/ppgq-uff.com.br\/wp-content\/uploads\/2025\/01\/WhatsApp-Image-2025-01-27-at-08.28.28-819x1024.jpeg 819w, https:\/\/ppgq-uff.com.br\/wp-content\/uploads\/2025\/01\/WhatsApp-Image-2025-01-27-at-08.28.28-768x960.jpeg 768w, https:\/\/ppgq-uff.com.br\/wp-content\/uploads\/2025\/01\/WhatsApp-Image-2025-01-27-at-08.28.28.jpeg 1080w\" sizes=\"(max-width: 240px) 100vw, 240px\" \/><\/p>\n<header>\n<h6><a\n                        href=\"https:\/\/ppgq-uff.com.br\/2025\/01\/28\/curso-de-nivelamento-2025\/\"\n                        title=\"Curso de Nivelamento em Qu\u00edmica 2025\">Curso de Nivelamento em Qu\u00edmica 2025<\/a><\/h6>\n<\/header>\n<p>Per\u00edodo das inscri\u00e7\u00f5es: de 27\/01\/2025 a 28\/02\/2025 Inscri\u00e7\u00f5es no link:&#8230;<\/p>\n<p><a\n                            href=\"https:\/\/ppgq-uff.com.br\/2025\/01\/28\/curso-de-nivelamento-2025\/\"\n                           >Leia mais<\/a><br \/>\n    <\/article>\n<article data-id=\"1772\">\n            <a href=\"https:\/\/ppgq-uff.com.br\/2024\/04\/26\/resultado-da-selecao-interna-do-ppgq-uff-de-bolsista-pdse-edital-no-6-2024-da-capes\/\"><\/a><br \/>\n                <img width=\"300\" height=\"143\" src=\"http:\/\/ppgq-uff.com.br\/wp-content\/uploads\/2023\/09\/logo1_transparente-300x143.png\" alt=\"\" decoding=\"async\" loading=\"lazy\" srcset=\"https:\/\/ppgq-uff.com.br\/wp-content\/uploads\/2023\/09\/logo1_transparente-300x143.png 300w, https:\/\/ppgq-uff.com.br\/wp-content\/uploads\/2023\/09\/logo1_transparente-1024x487.png 1024w, https:\/\/ppgq-uff.com.br\/wp-content\/uploads\/2023\/09\/logo1_transparente-768x365.png 768w, https:\/\/ppgq-uff.com.br\/wp-content\/uploads\/2023\/09\/logo1_transparente.png 1502w\" sizes=\"(max-width: 300px) 100vw, 300px\" \/><\/p>\n<header>\n<h6><a\n                        href=\"https:\/\/ppgq-uff.com.br\/2024\/04\/26\/resultado-da-selecao-interna-do-ppgq-uff-de-bolsista-pdse-edital-no-6-2024-da-capes\/\"\n                        title=\"Resultado da sele\u00e7\u00e3o interna do PPGQ-UFF de bolsista PDSE, edital n\u00ba 6\/2024 da CAPES\">Resultado da sele\u00e7\u00e3o interna do PPGQ-UFF de bolsista PDSE, edital n\u00ba 6\/2024 da CAPES<\/a><\/h6>\n<\/header>\n<p>&hellip; Resultado da sele\u00e7\u00e3o interna do PPGQ-UFF de bolsista PDSE,&#8230;<\/p>\n<p><a\n                            href=\"https:\/\/ppgq-uff.com.br\/2024\/04\/26\/resultado-da-selecao-interna-do-ppgq-uff-de-bolsista-pdse-edital-no-6-2024-da-capes\/\"\n                           >Leia mais<\/a><br \/>\n    <\/article>\n<p>                <button id=\"eael-load-more-btn-bd11454\" data-widget-id=\"bd11454\" data-widget=\"bd11454\" data-page-id=\"14\" data-nonce=\"07832b32e2\" data-template=\"{&quot;dir&quot;:&quot;lite&quot;,&quot;file_name&quot;:&quot;default.php&quot;,&quot;name&quot;:&quot;Post-Grid&quot;}\" data-class=\"Essential_Addons_ElementorElementsPost_Grid\" data-layout=\"grid\" data-page=\"1\" data-args=\"orderby=date&amp;order=desc&amp;ignore_sticky_posts=1&amp;post_status=publish&amp;posts_per_page=3&amp;offset=0&amp;post_type=post&amp;tax_query%5B0%5D%5Btaxonomy%5D=category&amp;tax_query%5B0%5D%5Bfield%5D=term_id&amp;tax_query%5B0%5D%5Bterms%5D%5B0%5D=4&amp;tax_query%5Brelation%5D=AND\" data-max-page=\"7\"><br \/>\n                    Load More<br \/>\n                <\/button><\/p>\n","protected":false},"excerpt":{"rendered":"<p>Bem-vindo(a) ao Programa de P\u00f3s-gradua\u00e7\u00e3o em Qu\u00edmica da Universidade Federal Fluminense Sobre o PPGQ V\u00eddeo Institucional Processo Seletivo Sele\u00e7\u00e3o de Mestrado e Doutorado Curso de NIVELAMENTO em Qu\u00edmica 2023 SAIBA MAIS Curso de Nivelamento em Qu\u00edmica MAIS INFORMA\u00c7\u00d5ES Nota 6 Conceito CAPES &#xE934;&#xE934;&#xE934;&#xE934;&#xE934; 0\/5 Informaci\u00f3n importante para estudiantes extranjeros DOWNLOAD &#8211; ES Important information for &hellip;<\/p>\n<p class=\"read-more\"> <a class=\"\" href=\"https:\/\/ppgq-uff.com.br\/es\/\"> <span class=\"screen-reader-text\">In\u00edcio<\/span> Read More &raquo;<\/a><\/p>\n","protected":false},"author":1,"featured_media":0,"parent":0,"menu_order":0,"comment_status":"closed","ping_status":"closed","template":"","meta":{"footnotes":""},"translation":{"provider":"WPGlobus","version":"2.10.4","language":"es","enabled_languages":["br","en","es"],"languages":{"br":{"title":true,"content":true,"excerpt":false},"en":{"title":true,"content":true,"excerpt":false},"es":{"title":false,"content":false,"excerpt":false}}},"_links":{"self":[{"href":"https:\/\/ppgq-uff.com.br\/es\/wp-json\/wp\/v2\/pages\/14"}],"collection":[{"href":"https:\/\/ppgq-uff.com.br\/es\/wp-json\/wp\/v2\/pages"}],"about":[{"href":"https:\/\/ppgq-uff.com.br\/es\/wp-json\/wp\/v2\/types\/page"}],"author":[{"embeddable":true,"href":"https:\/\/ppgq-uff.com.br\/es\/wp-json\/wp\/v2\/users\/1"}],"replies":[{"embeddable":true,"href":"https:\/\/ppgq-uff.com.br\/es\/wp-json\/wp\/v2\/comments?post=14"}],"version-history":[{"count":373,"href":"https:\/\/ppgq-uff.com.br\/es\/wp-json\/wp\/v2\/pages\/14\/revisions"}],"predecessor-version":[{"id":1879,"href":"https:\/\/ppgq-uff.com.br\/es\/wp-json\/wp\/v2\/pages\/14\/revisions\/1879"}],"wp:attachment":[{"href":"https:\/\/ppgq-uff.com.br\/es\/wp-json\/wp\/v2\/media?parent=14"}],"curies":[{"name":"wp","href":"https:\/\/api.w.org\/{rel}","templated":true}]}}