{"id":183,"date":"2020-08-25T07:10:22","date_gmt":"2020-08-25T10:10:22","guid":{"rendered":"http:\/\/ppgq-uff.com.br\/contact-us\/"},"modified":"2021-03-29T21:57:46","modified_gmt":"2021-03-30T00:57:46","slug":"contato","status":"publish","type":"page","link":"https:\/\/ppgq-uff.com.br\/es\/contato\/","title":{"rendered":"Contato"},"content":{"rendered":"<h1>Contato<\/h1>\n<h4>\n\t\t\t\t\tFuncionamento<br \/>\n\t\t\t\t<\/h4>\n<p>De segunda \u00e0 sexta das 9 \u00e0s 17h<\/p>\n<h4>\n\t\t\t\t\tSiga-nos<br \/>\n\t\t\t\t<\/h4>\n<p>\t\t\t\t\t<a href=\"https:\/\/www.facebook.com\/PPGQuimicaUFF\" target=\"_blank\" rel=\"noopener\"><br \/>\n\t\t\t\t\t\tFacebook<br \/>\n\t\t\t\t\t\t\t\t\t\t\t<\/a><br \/>\n\t\t\t\t\t<a href=\"https:\/\/www.youtube.com\/channel\/UCpf-L5n_tvanHWbB20Q0coQ\" target=\"_blank\" rel=\"noopener\"><br \/>\n\t\t\t\t\t\tYoutube<br \/>\n\t\t\t\t\t\t\t\t\t\t\t<\/a><br \/>\n\t\t\t\t\t<a href=\"https:\/\/www.instagram.com\/ppgquff\/\" target=\"_blank\" rel=\"noopener\"><br \/>\n\t\t\t\t\t\tInstagram<br \/>\n\t\t\t\t\t\t\t\t\t\t\t<\/a><\/p>\n<h4>\n\t\t\t\t\tTelefone<br \/>\n\t\t\t\t<\/h4>\n<p>+55 (21) 2629-2416<\/p>\n<h4>\n\t\t\t\t\tE-mail<br \/>\n\t\t\t\t<\/h4>\n<p>gpq.egq@id.uff.br <\/p>\n<h4>\n\t\t\t\t\tEndere\u00e7o<br \/>\n\t\t\t\t<\/h4>\n<p>\nUniversidade Federal Fluminense<br \/>\nSecretaria do Programa de P\u00f3s-Gradua\u00e7\u00e3o em Qu\u00edmica<br \/>\nOuteiro de S\u00e3o Jo\u00e3o Batista, s\/n\u00ba &#8211; Campus do Valonguinho<br \/>\n24020-141 &#8211; Centro &#8211; Niter\u00f3i &#8211; RJ<\/p>\n","protected":false},"excerpt":{"rendered":"<p>Contato Funcionamento De segunda \u00e0 sexta das 9 \u00e0s 17h Siga-nos Facebook Youtube Instagram Telefone +55 (21) 2629-2416 E-mail gpq.egq@id.uff.br Endere\u00e7o Universidade Federal Fluminense Secretaria do Programa de P\u00f3s-Gradua\u00e7\u00e3o em Qu\u00edmica Outeiro de S\u00e3o Jo\u00e3o Batista, s\/n\u00ba &#8211; Campus do Valonguinho 24020-141 &#8211; Centro &#8211; Niter\u00f3i &#8211; RJ<\/p>\n","protected":false},"author":1,"featured_media":0,"parent":0,"menu_order":0,"comment_status":"closed","ping_status":"closed","template":"","meta":{"footnotes":""},"translation":{"provider":"WPGlobus","version":"2.10.4","language":"es","enabled_languages":["br","en","es"],"languages":{"br":{"title":true,"content":true,"excerpt":false},"en":{"title":true,"content":true,"excerpt":false},"es":{"title":false,"content":false,"excerpt":false}}},"_links":{"self":[{"href":"https:\/\/ppgq-uff.com.br\/es\/wp-json\/wp\/v2\/pages\/183"}],"collection":[{"href":"https:\/\/ppgq-uff.com.br\/es\/wp-json\/wp\/v2\/pages"}],"about":[{"href":"https:\/\/ppgq-uff.com.br\/es\/wp-json\/wp\/v2\/types\/page"}],"author":[{"embeddable":true,"href":"https:\/\/ppgq-uff.com.br\/es\/wp-json\/wp\/v2\/users\/1"}],"replies":[{"embeddable":true,"href":"https:\/\/ppgq-uff.com.br\/es\/wp-json\/wp\/v2\/comments?post=183"}],"version-history":[{"count":25,"href":"https:\/\/ppgq-uff.com.br\/es\/wp-json\/wp\/v2\/pages\/183\/revisions"}],"predecessor-version":[{"id":995,"href":"https:\/\/ppgq-uff.com.br\/es\/wp-json\/wp\/v2\/pages\/183\/revisions\/995"}],"wp:attachment":[{"href":"https:\/\/ppgq-uff.com.br\/es\/wp-json\/wp\/v2\/media?parent=183"}],"curies":[{"name":"wp","href":"https:\/\/api.w.org\/{rel}","templated":true}]}}