{"id":318,"date":"2021-01-22T16:44:06","date_gmt":"2021-01-22T19:44:06","guid":{"rendered":"http:\/\/ppgq-uff.com.br\/?page_id=318"},"modified":"2021-03-29T22:28:03","modified_gmt":"2021-03-30T01:28:03","slug":"infraestrutura","status":"publish","type":"page","link":"https:\/\/ppgq-uff.com.br\/es\/infraestrutura\/","title":{"rendered":"Infraestrutura"},"content":{"rendered":"<h1>Infraestrutura<\/h1>\n<h2>Equipamentos<\/h2>\n<p>Os estudantes de p\u00f3s-gradua\u00e7\u00e3o do PPGQ-UFF t\u00eam acesso a laborat\u00f3rios bem equipados, com \u00a0diferentes t\u00e9cnicas anal\u00edticas para o desenvolvimento de suas Disserta\u00e7\u00f5es e Teses. V\u00e1rios equipamentos est\u00e3o dispon\u00edveis para utiliza\u00e7\u00e3o pelos estudantes:<\/p>\n<h4>01. Cromatografia a l\u00edquido e a g\u00e1s<\/p>\n<p>02. Difra\u00e7\u00e3o de Raio-X<\/p>\n<p>03. Eletroforese Capilar<\/p>\n<p>04. Eletroqu\u00edmica e espectroscopia de imped\u00e2ncia<\/p>\n<p>05. Espalhamento din\u00e2mico de luz<\/p>\n<p>06. Espectrometria de absor\u00e7\u00e3o e emiss\u00e3o at\u00f4mica<\/p>\n<p>07. Espectrometrai molecular de absor\u00e7\u00e3o e fluoresc\u00eancia<\/p>\n<p>08. Espectrometria de massas<\/p>\n<p>09. Espectroscopia de RMN<\/p>\n<p>10. Espectroscopia Raman &#038; IV<\/p>\n<p>11. Microbalan\u00e7a de Quartzo<\/p>\n<p>12. Microsc\u00f3pios de varredura por sonda AFM\/STM<\/p>\n<p>13. Re\u00f4metros<\/p>\n<p>14. Termoanalisadores (TG, dTA, DSC)<br \/><\/h4>\n<h2>Laborat\u00f3rios<\/h2>\n<p>Para abrigar este instrumetal, o PPGQ-UFF conta com uma s\u00e9rie de Laborat\u00f3rios Multiusu\u00e1rios, em diferentes \u00e1reas, que atendem a todas as linhas de pesquisa do Programa. Pesquise nos links abaixo os Laborat\u00f3rios Multiusu\u00e1rios atualmente cadastrados:<\/p>\n<ul>\n<li><a href=\"http:\/\/ldrx.sites.uff.br\/\">Laborat\u00f3rio de Difra\u00e7\u00e3o de Raios-X (LDRX)<\/a><\/li>\n<li><a href=\"http:\/\/laremn.uff.br\/\">Laborat\u00f3rio Multiusu\u00e1rio de RMN da UFF (LaReMN)<\/a><\/li>\n<li><a href=\"http:\/\/www.lame.uff.br\/\">Laborat\u00f3rio Multiusu\u00e1rio de Espectroscopia (LAME)<\/a><\/li>\n<li><a href=\"http:\/\/www.lamate.uff.br\/\">Laborat\u00f3rio Multiusu\u00e1rio de Caracteriza\u00e7\u00e3o de Materiais (LAMATE)<\/a><\/li>\n<li><a href=\"http:\/\/www.lamem.uff.br\/\">Laborat\u00f3rio Multiusu\u00e1rio de Espectrometria de Massas (LAMEM)<\/a><\/li>\n<li><a href=\"http:\/\/www.lamcep.uff.br\/\">Laborat\u00f3rio Multiusu\u00e1rio de Eletroforese Capilar e Preparo de Amostras (LAMCEP)<\/a><\/li>\n<\/ul>\n","protected":false},"excerpt":{"rendered":"<p>Infraestrutura Equipamentos Os estudantes de p\u00f3s-gradua\u00e7\u00e3o do PPGQ-UFF t\u00eam acesso a laborat\u00f3rios bem equipados, com \u00a0diferentes t\u00e9cnicas anal\u00edticas para o desenvolvimento de suas Disserta\u00e7\u00f5es e Teses. V\u00e1rios equipamentos est\u00e3o dispon\u00edveis para utiliza\u00e7\u00e3o pelos estudantes: 01. Cromatografia a l\u00edquido e a g\u00e1s 02. Difra\u00e7\u00e3o de Raio-X 03. Eletroforese Capilar 04. Eletroqu\u00edmica e espectroscopia de imped\u00e2ncia 05. &hellip;<\/p>\n<p class=\"read-more\"> <a class=\"\" href=\"https:\/\/ppgq-uff.com.br\/es\/infraestrutura\/\"> <span class=\"screen-reader-text\">Infraestrutura<\/span> Read More &raquo;<\/a><\/p>\n","protected":false},"author":1,"featured_media":0,"parent":0,"menu_order":0,"comment_status":"closed","ping_status":"closed","template":"","meta":{"footnotes":""},"translation":{"provider":"WPGlobus","version":"2.10.4","language":"es","enabled_languages":["br","en","es"],"languages":{"br":{"title":true,"content":true,"excerpt":false},"en":{"title":true,"content":true,"excerpt":false},"es":{"title":false,"content":false,"excerpt":false}}},"_links":{"self":[{"href":"https:\/\/ppgq-uff.com.br\/es\/wp-json\/wp\/v2\/pages\/318"}],"collection":[{"href":"https:\/\/ppgq-uff.com.br\/es\/wp-json\/wp\/v2\/pages"}],"about":[{"href":"https:\/\/ppgq-uff.com.br\/es\/wp-json\/wp\/v2\/types\/page"}],"author":[{"embeddable":true,"href":"https:\/\/ppgq-uff.com.br\/es\/wp-json\/wp\/v2\/users\/1"}],"replies":[{"embeddable":true,"href":"https:\/\/ppgq-uff.com.br\/es\/wp-json\/wp\/v2\/comments?post=318"}],"version-history":[{"count":46,"href":"https:\/\/ppgq-uff.com.br\/es\/wp-json\/wp\/v2\/pages\/318\/revisions"}],"predecessor-version":[{"id":1025,"href":"https:\/\/ppgq-uff.com.br\/es\/wp-json\/wp\/v2\/pages\/318\/revisions\/1025"}],"wp:attachment":[{"href":"https:\/\/ppgq-uff.com.br\/es\/wp-json\/wp\/v2\/media?parent=318"}],"curies":[{"name":"wp","href":"https:\/\/api.w.org\/{rel}","templated":true}]}}