{"id":848,"date":"2021-03-25T18:12:05","date_gmt":"2021-03-25T21:12:05","guid":{"rendered":"http:\/\/ppgq-uff.com.br\/?page_id=848"},"modified":"2021-03-25T18:16:07","modified_gmt":"2021-03-25T21:16:07","slug":"processos-seletivos","status":"publish","type":"page","link":"https:\/\/ppgq-uff.com.br\/es\/processos-seletivos\/","title":{"rendered":"Processos Seletivos"},"content":{"rendered":"<h1>Processos Seletivos<\/h1>\n<p>O ingresso nos cursos de Mestrado e Doutorado do PPGQ-UFF \u00e9 obtido atrav\u00e9s de processo seletivo espec\u00edfico para esta finalidade. Os processos seletivos do PPGQ ocorrem duas vezes ao ano (julho e fevereiro). No caso do curso de Mestrado, o processo de sele\u00e7\u00e3o se d\u00e1 atrav\u00e9s de an\u00e1lise curricular e de um exame de conhecimentos b\u00e1sicos de Qu\u00edmica, que engloba as quatro grandes \u00e1reas da Qu\u00edmica (F\u00edsico-Qu\u00edmica, Qu\u00edmica Anal\u00edtica, Qu\u00edmica Inorg\u00e2nica e Qu\u00edmica Org\u00e2nica). A distribui\u00e7\u00e3o das bolsas de estudo dispon\u00edveis \u00e9 realizada seguindo-se a ordem de classifica\u00e7\u00e3o obtida no processo seletivo.<br \/>No caso do curso de Doutorado, o ingresso no Programa se d\u00e1 atrav\u00e9s de an\u00e1lise curricular e da documenta\u00e7\u00e3o do candidato, que deve ser aceito previamento por um docente permanente do PPGQ-UFF. A distribui\u00e7\u00e3o de bolsas para os candidatos ao curso de Doutorado \u00e9 realizada ap\u00f3s a aplica\u00e7\u00e3o da Prova Classificat\u00f3ria de Conhecimentos B\u00e1sicos de Qu\u00edmica, que, assim como a prova de ingresso ao curso de Mestrado, engloba as quatro grandes \u00e1reas da Qu\u00edmica. A pontua\u00e7\u00e3o obtida na an\u00e1lise curricular e a pontua\u00e7\u00e3o obtida na referida prova s\u00e3o utilizadas para a defini\u00e7\u00e3o da classifica\u00e7\u00e3o final, cuja ordem \u00e9 utilizada pelo PPGQ-UFF para a distribui\u00e7\u00e3o das bolsas de Doutorado.<\/p>\n","protected":false},"excerpt":{"rendered":"<p>Processos Seletivos O ingresso nos cursos de Mestrado e Doutorado do PPGQ-UFF \u00e9 obtido atrav\u00e9s de processo seletivo espec\u00edfico para esta finalidade. Os processos seletivos do PPGQ ocorrem duas vezes ao ano (julho e fevereiro). No caso do curso de Mestrado, o processo de sele\u00e7\u00e3o se d\u00e1 atrav\u00e9s de an\u00e1lise curricular e de um exame &hellip;<\/p>\n<p class=\"read-more\"> <a class=\"\" href=\"https:\/\/ppgq-uff.com.br\/es\/processos-seletivos\/\"> <span class=\"screen-reader-text\">Processos Seletivos<\/span> Read More &raquo;<\/a><\/p>\n","protected":false},"author":1,"featured_media":0,"parent":0,"menu_order":0,"comment_status":"closed","ping_status":"closed","template":"","meta":{"footnotes":""},"translation":{"provider":"WPGlobus","version":"2.10.4","language":"es","enabled_languages":["br","en","es"],"languages":{"br":{"title":true,"content":true,"excerpt":false},"en":{"title":true,"content":true,"excerpt":false},"es":{"title":false,"content":false,"excerpt":false}}},"_links":{"self":[{"href":"https:\/\/ppgq-uff.com.br\/es\/wp-json\/wp\/v2\/pages\/848"}],"collection":[{"href":"https:\/\/ppgq-uff.com.br\/es\/wp-json\/wp\/v2\/pages"}],"about":[{"href":"https:\/\/ppgq-uff.com.br\/es\/wp-json\/wp\/v2\/types\/page"}],"author":[{"embeddable":true,"href":"https:\/\/ppgq-uff.com.br\/es\/wp-json\/wp\/v2\/users\/1"}],"replies":[{"embeddable":true,"href":"https:\/\/ppgq-uff.com.br\/es\/wp-json\/wp\/v2\/comments?post=848"}],"version-history":[{"count":7,"href":"https:\/\/ppgq-uff.com.br\/es\/wp-json\/wp\/v2\/pages\/848\/revisions"}],"predecessor-version":[{"id":855,"href":"https:\/\/ppgq-uff.com.br\/es\/wp-json\/wp\/v2\/pages\/848\/revisions\/855"}],"wp:attachment":[{"href":"https:\/\/ppgq-uff.com.br\/es\/wp-json\/wp\/v2\/media?parent=848"}],"curies":[{"name":"wp","href":"https:\/\/api.w.org\/{rel}","templated":true}]}}