{"id":868,"date":"2021-03-25T18:26:38","date_gmt":"2021-03-25T21:26:38","guid":{"rendered":"http:\/\/ppgq-uff.com.br\/?page_id=868"},"modified":"2021-03-25T18:29:15","modified_gmt":"2021-03-25T21:29:15","slug":"tutoriais","status":"publish","type":"page","link":"https:\/\/ppgq-uff.com.br\/es\/tutoriais\/","title":{"rendered":"Tutoriais"},"content":{"rendered":"<h1>Tutoriais<\/h1>\n<p>\t\t\t<a href=\"http:\/\/ppgq-uff.com.br\/wp-content\/uploads\/2021\/03\/Tutorial_Entrega_Versao_Final.pdf\" role=\"button\"><br \/>\n\t\t\t\t\t\tTutorial para entrega de vers\u00e3o final de teses e disserta\u00e7\u00f5es<br \/>\n\t\t\t\t\t<\/a><\/p>\n","protected":false},"excerpt":{"rendered":"<p>Tutoriais Tutorial para entrega de vers\u00e3o final de teses e disserta\u00e7\u00f5es<\/p>\n","protected":false},"author":1,"featured_media":0,"parent":0,"menu_order":0,"comment_status":"closed","ping_status":"closed","template":"","meta":{"footnotes":""},"translation":{"provider":"WPGlobus","version":"2.10.4","language":"es","enabled_languages":["br","en","es"],"languages":{"br":{"title":true,"content":true,"excerpt":false},"en":{"title":true,"content":true,"excerpt":false},"es":{"title":false,"content":false,"excerpt":false}}},"_links":{"self":[{"href":"https:\/\/ppgq-uff.com.br\/es\/wp-json\/wp\/v2\/pages\/868"}],"collection":[{"href":"https:\/\/ppgq-uff.com.br\/es\/wp-json\/wp\/v2\/pages"}],"about":[{"href":"https:\/\/ppgq-uff.com.br\/es\/wp-json\/wp\/v2\/types\/page"}],"author":[{"embeddable":true,"href":"https:\/\/ppgq-uff.com.br\/es\/wp-json\/wp\/v2\/users\/1"}],"replies":[{"embeddable":true,"href":"https:\/\/ppgq-uff.com.br\/es\/wp-json\/wp\/v2\/comments?post=868"}],"version-history":[{"count":10,"href":"https:\/\/ppgq-uff.com.br\/es\/wp-json\/wp\/v2\/pages\/868\/revisions"}],"predecessor-version":[{"id":879,"href":"https:\/\/ppgq-uff.com.br\/es\/wp-json\/wp\/v2\/pages\/868\/revisions\/879"}],"wp:attachment":[{"href":"https:\/\/ppgq-uff.com.br\/es\/wp-json\/wp\/v2\/media?parent=868"}],"curies":[{"name":"wp","href":"https:\/\/api.w.org\/{rel}","templated":true}]}}